{"id":1397,"date":"2025-02-17T16:44:14","date_gmt":"2025-02-17T16:44:14","guid":{"rendered":"https:\/\/favamill.com\/?post_type=product&#038;p=1397"},"modified":"2025-02-17T16:49:51","modified_gmt":"2025-02-17T16:49:51","slug":"wydajna-linia-do-spawania-samochodowego-uchwyty-spawalnicze-do-ram","status":"publish","type":"product","link":"https:\/\/www.favamill.com\/pl\/product\/wydajna-linia-do-spawania-samochodowego-uchwyty-spawalnicze-do-ram\/","title":{"rendered":"Wydajna linia spawalnicza do samochod\u00f3w - uchwyty spawalnicze do ram"},"content":{"rendered":"<table style=\"border-collapse: collapse; width: 566.27pt;\" border=\"0\" width=\"755\" cellspacing=\"0\" cellpadding=\"0\">\n<tbody>\n<tr style=\"height: 27.00pt;\">\n<td style=\"height: 27.00pt; width: 180.75pt;\" width=\"241\" height=\"36\">Model NO.<\/td>\n<td class=\"et2\" style=\"width: 385.50pt;\" width=\"514\">FIC-3000<\/td>\n<\/tr>\n<tr style=\"height: 27.00pt;\">\n<td style=\"height: 27.00pt;\" height=\"36\">Pr\u0119dko\u015b\u0107 obrotowa<\/td>\n<td class=\"et2\">0,3-3 obr.<\/td>\n<\/tr>\n<tr style=\"height: 27.00pt;\">\n<td style=\"height: 27.00pt;\" height=\"36\">Maksymalna odleg\u0142o\u015b\u0107 mimo\u015brodu<\/td>\n<td class=\"et2\">100 mm<\/td>\n<\/tr>\n<tr style=\"height: 27.00pt;\">\n<td style=\"height: 27.00pt;\" height=\"36\">K\u0105t nachylenia<\/td>\n<td class=\"et2\">0-90\u00b0<\/td>\n<\/tr>\n<tr style=\"height: 27.00pt;\">\n<td style=\"height: 27.00pt;\" height=\"36\">Napi\u0119cie<\/td>\n<td class=\"et2\">110V\/220V<\/td>\n<\/tr>\n<tr style=\"height: 27.00pt;\">\n<td style=\"height: 27.00pt;\" height=\"36\">Typ rolek tokarskich do spawania<\/td>\n<td class=\"et2\">Regulowany<\/td>\n<\/tr>\n<tr style=\"height: 27.00pt;\">\n<td style=\"height: 27.00pt;\" height=\"36\">Typ przechy\u0142u spawalniczego<\/td>\n<td class=\"et2\">Elastyczna kombinacja<\/td>\n<\/tr>\n<tr style=\"height: 27.00pt;\">\n<td style=\"height: 27.00pt;\" height=\"36\">Stan<\/td>\n<td class=\"et2\">Nowo\u015b\u0107<\/td>\n<\/tr>\n<tr style=\"height: 27.00pt;\">\n<td style=\"height: 27.00pt;\" height=\"36\">Dok\u0142adno\u015b\u0107<\/td>\n<td class=\"et2\">0,0,2 mm<\/td>\n<\/tr>\n<tr style=\"height: 27.00pt;\">\n<td style=\"height: 27.00pt;\" height=\"36\">Blok pozycjonuj\u0105cy<\/td>\n<td class=\"et2\">45 Stal<\/td>\n<\/tr>\n<tr style=\"height: 27.00pt;\">\n<td style=\"height: 27.00pt;\" height=\"36\">Projekt<\/td>\n<td class=\"et2\">Dostosowane<\/td>\n<\/tr>\n<tr style=\"height: 27.00pt;\">\n<td style=\"height: 27.00pt;\" height=\"36\">Wysy\u0142ka<\/td>\n<td class=\"et2\">przez morze<\/td>\n<\/tr>\n<tr style=\"height: 27.00pt;\">\n<td style=\"height: 27.00pt;\" height=\"36\">Pakiet transportowy<\/td>\n<td class=\"et2\">Drewniane opakowanie<\/td>\n<\/tr>\n<tr style=\"height: 27.00pt;\">\n<td style=\"height: 27.00pt;\" height=\"36\">Specyfikacja<\/td>\n<td class=\"et2\">dostosowany<\/td>\n<\/tr>\n<tr style=\"height: 27.00pt;\">\n<td style=\"height: 27.00pt;\" height=\"36\">Znak towarowy<\/td>\n<td class=\"et2\">Favamill<\/td>\n<\/tr>\n<tr style=\"height: 27.00pt;\">\n<td style=\"height: 27.00pt;\" height=\"36\">Pochodzenie<\/td>\n<td class=\"et2\">Guangdong Chiny<\/td>\n<\/tr>\n<tr style=\"height: 27.00pt;\">\n<td style=\"height: 27.00pt;\" height=\"36\">Kod HS<\/td>\n<td class=\"et2\">8466200000<\/td>\n<\/tr>\n<tr style=\"height: 27.00pt;\">\n<td style=\"height: 27.00pt;\" height=\"36\">Zdolno\u015b\u0107 produkcyjna<\/td>\n<td class=\"et2\">2000 zestaw\u00f3w\/rok<\/td>\n<\/tr>\n<\/tbody>\n<\/table>","protected":false},"excerpt":{"rendered":"<p>Ten uchwyt zosta\u0142 zaprojektowany w celu zwi\u0119kszenia produktywno\u015bci poprzez zapewnienie precyzyjnego pozycjonowania, optymalnego wyr\u00f3wnania i solidnego podparcia, zapewniaj\u0105c sp\u00f3jne i wysokiej jako\u015bci spoiny w ca\u0142ym procesie monta\u017cu.<\/p>","protected":false},"featured_media":1403,"template":"","meta":{"_seopress_robots_primary_cat":"none","_seopress_titles_title":"","_seopress_titles_desc":"","_seopress_robots_index":""},"product_brand":[],"product_cat":[25],"product_tag":[],"class_list":{"0":"post-1397","1":"product","2":"type-product","3":"status-publish","4":"has-post-thumbnail","6":"product_cat-welding-fixture","8":"first","9":"instock","10":"shipping-taxable","11":"product-type-simple"},"_links":{"self":[{"href":"https:\/\/www.favamill.com\/pl\/wp-json\/wp\/v2\/product\/1397","targetHints":{"allow":["GET"]}}],"collection":[{"href":"https:\/\/www.favamill.com\/pl\/wp-json\/wp\/v2\/product"}],"about":[{"href":"https:\/\/www.favamill.com\/pl\/wp-json\/wp\/v2\/types\/product"}],"wp:featuredmedia":[{"embeddable":true,"href":"https:\/\/www.favamill.com\/pl\/wp-json\/wp\/v2\/media\/1403"}],"wp:attachment":[{"href":"https:\/\/www.favamill.com\/pl\/wp-json\/wp\/v2\/media?parent=1397"}],"wp:term":[{"taxonomy":"product_brand","embeddable":true,"href":"https:\/\/www.favamill.com\/pl\/wp-json\/wp\/v2\/product_brand?post=1397"},{"taxonomy":"product_cat","embeddable":true,"href":"https:\/\/www.favamill.com\/pl\/wp-json\/wp\/v2\/product_cat?post=1397"},{"taxonomy":"product_tag","embeddable":true,"href":"https:\/\/www.favamill.com\/pl\/wp-json\/wp\/v2\/product_tag?post=1397"}],"curies":[{"name":"wp","href":"https:\/\/api.w.org\/{rel}","templated":true}]}}