{"id":806,"date":"2023-06-28T14:56:46","date_gmt":"2023-06-28T14:56:46","guid":{"rendered":"https:\/\/b2.favamill.com\/product\/automotive-welding-cell-checking-fixture\/"},"modified":"2024-06-02T22:50:40","modified_gmt":"2024-06-02T22:50:40","slug":"uchwyt-do-sprawdzania-celi-spawalniczej-w-przemysle-motoryzacyjnym","status":"publish","type":"product","link":"https:\/\/www.favamill.com\/pl\/product\/uchwyt-do-sprawdzania-celi-spawalniczej-w-przemysle-motoryzacyjnym\/","title":{"rendered":"Urz\u0105dzenie do sprawdzania celi spawalniczej w przemy\u015ble motoryzacyjnym"},"content":{"rendered":"<table>\n<tbody>\n<tr>\n<td>Nazwa marki<\/td>\n<td>Favamill<\/td>\n<\/tr>\n<tr>\n<td>Nazwa produktu<\/td>\n<td>Urz\u0105dzenie do sprawdzania celi spawalniczej w przemy\u015ble motoryzacyjnym<\/td>\n<\/tr>\n<tr>\n<td>Tolerancja<\/td>\n<td>\u00b10,002 mm<\/td>\n<\/tr>\n<tr>\n<td>Materia\u0142<\/td>\n<td>SKD11, SKD 61, Cr12MOV, D2, SKH-9, RM56, ASP23 itp.<\/td>\n<\/tr>\n<tr>\n<td>Oprogramowanie do projektowania<\/td>\n<td>AutoCAD, Solid Works, PRO\/E, UG<\/td>\n<\/tr>\n<tr>\n<td>Standard<\/td>\n<td>ISO9001<\/td>\n<\/tr>\n<tr>\n<td>Typ formy<\/td>\n<td>Z\u0142o\u017cona matryca t\u0142ocz\u0105ca, pojedyncza matryca t\u0142ocz\u0105ca, matryca progresywna lub zgodnie z wymaganiami klienta<\/td>\n<\/tr>\n<tr>\n<td>Pierwsza pr\u00f3ba<\/td>\n<td>15-25 dni po potwierdzeniu rysunku formy<\/td>\n<\/tr>\n<tr>\n<td>\u017bywotno\u015b\u0107 ple\u015bni<\/td>\n<td>Zale\u017cy od zdolno\u015bci produkcyjnych klienta<\/td>\n<\/tr>\n<tr>\n<td>Potwierdzenie jako\u015bci<\/td>\n<td>Mo\u017ce wys\u0142a\u0107 uk\u0142ad pask\u00f3w matrycy, testowanie wideo, certyfikat kontroli i pr\u00f3bk\u0119 produktu<\/td>\n<\/tr>\n<tr>\n<td>Pakiet<\/td>\n<td>Worki PE i karton na produkty, drewniana skrzynka na matryc\u0119 \/ form\u0119 lub zgodnie z wymaganiami klienta<\/td>\n<\/tr>\n<\/tbody>\n<\/table>\n<p>&nbsp;<\/p>\n<div style=\"width: 640px;\" class=\"wp-video\"><video class=\"wp-video-shortcode\" id=\"video-806-1\" width=\"640\" height=\"360\" preload=\"metadata\" controls=\"controls\"><source type=\"video\/mp4\" src=\"https:\/\/favamill.com\/wp-content\/uploads\/2023\/06\/Automotive-Welding-Cell-Checking-Fixture.mp4?_=1\" \/><a href=\"https:\/\/favamill.com\/wp-content\/uploads\/2023\/06\/Automotive-Welding-Cell-Checking-Fixture.mp4\">https:\/\/favamill.com\/wp-content\/uploads\/2023\/06\/Automotive-Welding-Cell-Checking-Fixture.mp4<\/a><\/video><\/div>","protected":false},"excerpt":{"rendered":"<p>Specyficzne cechy uchwyt\u00f3w do sprawdzania gniazd spawalniczych w przemy\u015ble motoryzacyjnym mog\u0105 si\u0119 r\u00f3\u017cni\u0107 w zale\u017cno\u015bci od procesu spawania, z\u0142o\u017cono\u015bci komponent\u00f3w i wymaga\u0144 klienta. Wprowadzamy r\u00f3wnie\u017c dodatkowe funkcje specyficzne dla konfiguracji celi spawalniczej i potrzeb produkcyjnych.<\/p>","protected":false},"featured_media":692,"template":"","meta":{"_seopress_robots_primary_cat":"","_seopress_titles_title":"","_seopress_titles_desc":"","_seopress_robots_index":""},"product_brand":[],"product_cat":[25],"product_tag":[26],"class_list":{"0":"post-806","1":"product","2":"type-product","3":"status-publish","4":"has-post-thumbnail","6":"product_cat-welding-fixture","7":"product_tag-automotive-weldingchecking-fixture","9":"first","10":"instock","11":"shipping-taxable","12":"product-type-simple"},"_links":{"self":[{"href":"https:\/\/www.favamill.com\/pl\/wp-json\/wp\/v2\/product\/806","targetHints":{"allow":["GET"]}}],"collection":[{"href":"https:\/\/www.favamill.com\/pl\/wp-json\/wp\/v2\/product"}],"about":[{"href":"https:\/\/www.favamill.com\/pl\/wp-json\/wp\/v2\/types\/product"}],"wp:featuredmedia":[{"embeddable":true,"href":"https:\/\/www.favamill.com\/pl\/wp-json\/wp\/v2\/media\/692"}],"wp:attachment":[{"href":"https:\/\/www.favamill.com\/pl\/wp-json\/wp\/v2\/media?parent=806"}],"wp:term":[{"taxonomy":"product_brand","embeddable":true,"href":"https:\/\/www.favamill.com\/pl\/wp-json\/wp\/v2\/product_brand?post=806"},{"taxonomy":"product_cat","embeddable":true,"href":"https:\/\/www.favamill.com\/pl\/wp-json\/wp\/v2\/product_cat?post=806"},{"taxonomy":"product_tag","embeddable":true,"href":"https:\/\/www.favamill.com\/pl\/wp-json\/wp\/v2\/product_tag?post=806"}],"curies":[{"name":"wp","href":"https:\/\/api.w.org\/{rel}","templated":true}]}}