{"id":809,"date":"2023-06-30T18:03:54","date_gmt":"2023-06-30T18:03:54","guid":{"rendered":"https:\/\/b2.favamill.com\/product\/professional-oem-auto-side-frame-assembly-checking-fixture\/"},"modified":"2024-06-02T22:50:41","modified_gmt":"2024-06-02T22:50:41","slug":"profesjonalne-urzadzenie-do-sprawdzania-zespolu-ramy-bocznej-oem-auto","status":"publish","type":"product","link":"https:\/\/www.favamill.com\/pl\/product\/profesjonalne-urzadzenie-do-sprawdzania-zespolu-ramy-bocznej-oem-auto\/","title":{"rendered":"Profesjonalne urz\u0105dzenie do sprawdzania zespo\u0142u ramy bocznej Oem Auto"},"content":{"rendered":"<table class=\"has-title all magic-4\">\n<tbody>\n<tr>\n<td colspan=\"1\" rowspan=\"1\">\n<div class=\"magic-5\">Typ<\/div>\n<\/td>\n<td colspan=\"1\" rowspan=\"1\">\n<div class=\"magic-6\">Fabryka ISO9001 zapewnia niestandardowe precyzyjne r\u00f3\u017cne uchwyty kontrolne, mocowanie testowe<\/div>\n<\/td>\n<\/tr>\n<tr>\n<td colspan=\"1\" rowspan=\"1\">\n<div class=\"magic-5\">Materia\u0142y<\/div>\n<\/td>\n<td colspan=\"1\" rowspan=\"1\">\n<div class=\"magic-6\" data-spm-anchor-id=\"a2700.details.0.i26.67463b30SrchNn\">1. Metal: aluminium \/ stal \/ stal stopowa \/ stal nierdzewna \/ mosi\u0105dz itp.<\/div>\n<\/td>\n<\/tr>\n<tr>\n<td colspan=\"1\" rowspan=\"1\">\n<div class=\"magic-5\">Kolor<\/div>\n<\/td>\n<td colspan=\"1\" rowspan=\"1\">\n<div class=\"magic-6\">Srebrny, szary, czarny, z\u0142oty lub zgodnie z wymaganiami klienta<\/div>\n<\/td>\n<\/tr>\n<tr>\n<td colspan=\"1\" rowspan=\"1\">\n<div class=\"magic-5\">Chropowato\u015b\u0107 powierzchni<\/div>\n<\/td>\n<td colspan=\"1\" rowspan=\"1\">\n<div class=\"magic-6\">Ra0,4 (bez polerowania lub szlifowania)<\/div>\n<\/td>\n<\/tr>\n<tr>\n<td colspan=\"1\" rowspan=\"1\">\n<div class=\"magic-5\">Metoda logo<\/div>\n<\/td>\n<td colspan=\"1\" rowspan=\"1\">\n<div class=\"magic-6\">Grawerowanie laserowe, grawerowanie CNC, sitodruk itp.<\/div>\n<\/td>\n<\/tr>\n<tr>\n<td colspan=\"1\" rowspan=\"1\">\n<div class=\"magic-5\">Wyko\u0144czenie powierzchni<\/div>\n<\/td>\n<td colspan=\"1\" rowspan=\"1\">\n<div class=\"magic-6\">Anodowanie, polerowanie, cynkowanie\/niklowanie\/chromowanie\/z\u0142ocenie, piaskowanie itp.<\/div>\n<\/td>\n<\/tr>\n<tr>\n<td colspan=\"1\" rowspan=\"1\">\n<div class=\"magic-5\">Tolerancja<\/div>\n<\/td>\n<td colspan=\"1\" rowspan=\"1\">\n<div class=\"magic-6\">+\/- 0,01-0,05 mm \/ mo\u017cna r\u00f3wnie\u017c dostosowa\u0107<\/div>\n<\/td>\n<\/tr>\n<tr>\n<td colspan=\"1\" rowspan=\"1\">\n<div class=\"magic-5\">Certyfikat<\/div>\n<\/td>\n<td colspan=\"1\" rowspan=\"1\">\n<div class=\"magic-6\">ISO9001:2008<\/div>\n<\/td>\n<\/tr>\n<tr>\n<td colspan=\"1\" rowspan=\"1\">\n<div class=\"magic-5\">Urz\u0105dzenia do przetwarzania<\/div>\n<\/td>\n<td colspan=\"1\" rowspan=\"1\">\n<div class=\"magic-6\">Centrum obr\u00f3bcze CNC, tokarka CNC, szlifierka, tokarka automatyczna, tokarka konwencjonalna, frezarka, wiertarka<br \/>\nmaszyna, EDM, maszyna do ci\u0119cia drutu, gi\u0119tarka CNC itp.<\/div>\n<\/td>\n<\/tr>\n<tr>\n<td colspan=\"1\" rowspan=\"1\">\n<div class=\"magic-5\">Maszyna testuj\u0105ca<\/div>\n<\/td>\n<td colspan=\"1\" rowspan=\"1\">\n<div class=\"magic-6\" data-spm-anchor-id=\"a2700.details.0.i25.67463b30SrchNn\">Wsp\u00f3\u0142rz\u0119dno\u015bciowa maszyna pomiarowa, mikrometr, suwmiarka itp.<\/div>\n<\/td>\n<\/tr>\n<\/tbody>\n<\/table>","protected":false},"excerpt":{"rendered":"<p>Profesjonalne oprzyrz\u0105dowanie do kontroli monta\u017cu ram bocznych OEM to specjalistyczne narz\u0119dzie stosowane w produkcji motoryzacyjnej w celu zapewnienia dok\u0142adno\u015bci i jako\u015bci procesu monta\u017cu ram bocznych.<\/p>","protected":false},"featured_media":706,"template":"","meta":{"_seopress_robots_primary_cat":"","_seopress_titles_title":"","_seopress_titles_desc":"","_seopress_robots_index":""},"product_brand":[],"product_cat":[28],"product_tag":[29],"class_list":{"0":"post-809","1":"product","2":"type-product","3":"status-publish","4":"has-post-thumbnail","6":"product_cat-others","7":"product_tag-auto-side-frame-assembly-checking-fixture","9":"first","10":"instock","11":"shipping-taxable","12":"product-type-simple"},"_links":{"self":[{"href":"https:\/\/www.favamill.com\/pl\/wp-json\/wp\/v2\/product\/809","targetHints":{"allow":["GET"]}}],"collection":[{"href":"https:\/\/www.favamill.com\/pl\/wp-json\/wp\/v2\/product"}],"about":[{"href":"https:\/\/www.favamill.com\/pl\/wp-json\/wp\/v2\/types\/product"}],"wp:featuredmedia":[{"embeddable":true,"href":"https:\/\/www.favamill.com\/pl\/wp-json\/wp\/v2\/media\/706"}],"wp:attachment":[{"href":"https:\/\/www.favamill.com\/pl\/wp-json\/wp\/v2\/media?parent=809"}],"wp:term":[{"taxonomy":"product_brand","embeddable":true,"href":"https:\/\/www.favamill.com\/pl\/wp-json\/wp\/v2\/product_brand?post=809"},{"taxonomy":"product_cat","embeddable":true,"href":"https:\/\/www.favamill.com\/pl\/wp-json\/wp\/v2\/product_cat?post=809"},{"taxonomy":"product_tag","embeddable":true,"href":"https:\/\/www.favamill.com\/pl\/wp-json\/wp\/v2\/product_tag?post=809"}],"curies":[{"name":"wp","href":"https:\/\/api.w.org\/{rel}","templated":true}]}}