{"id":810,"date":"2023-07-02T17:23:21","date_gmt":"2023-07-02T17:23:21","guid":{"rendered":"https:\/\/b2.favamill.com\/product\/precision-cnc-machining-aluminum-jigs\/"},"modified":"2024-06-02T22:50:41","modified_gmt":"2024-06-02T22:50:41","slug":"precyzyjna-obrobka-cnc-przyrzadow-aluminiowych","status":"publish","type":"product","link":"https:\/\/www.favamill.com\/pl\/product\/precyzyjna-obrobka-cnc-przyrzadow-aluminiowych\/","title":{"rendered":"Precyzyjna obr\u00f3bka CNC przyrz\u0105d\u00f3w aluminiowych"},"content":{"rendered":"<table class=\"all magic-13\">\n<tbody>\n<tr>\n<td colspan=\"1\" rowspan=\"1\">\n<div class=\"magic-14\">\n<div class=\"magic-4\" data-spm-anchor-id=\"a2700.custom-template.0.i17.1d4c3333GDa3f3\"><span class=\"magic-15\" style=\"font-family: Arial;\">Oprogramowanie\/format<\/span><\/div>\n<\/div>\n<\/td>\n<td colspan=\"1\" rowspan=\"1\">\n<div class=\"magic-16\"><span class=\"magic-15\" style=\"font-family: Arial;\">PRO\/E, Auto CAD, Solid works, IGS, UG, CAD\/CAM\/CAE<\/span><\/div>\n<\/td>\n<\/tr>\n<tr>\n<td colspan=\"1\" rowspan=\"1\">\n<div class=\"magic-17\">\n<div class=\"magic-4\"><span class=\"magic-15\">Nazwa<\/span><\/div>\n<\/div>\n<\/td>\n<td colspan=\"1\" rowspan=\"1\">\n<div class=\"magic-18\">Precyzyjna obr\u00f3bka CNC aluminiowych przyrz\u0105d\u00f3w kontrolnych<\/div>\n<\/td>\n<\/tr>\n<tr>\n<td colspan=\"1\" rowspan=\"1\">\n<div class=\"magic-14\">\n<div class=\"magic-4\" data-spm-anchor-id=\"0.0.0.i21.54174f052EhEWg\"><span class=\"magic-15\" style=\"font-family: Arial;\">Tolerancja<\/span><\/div>\n<\/div>\n<\/td>\n<td colspan=\"1\" rowspan=\"1\">\n<div class=\"magic-16\" data-spm-anchor-id=\"a2700.details.0.i49.45c6778f9CDlLF\"><span class=\"magic-15\" style=\"font-family: Arial;\">0,01 ~ 0,05 mm, mo\u017cna dostosowa\u0107 zgodnie z \u017cyczeniem.<\/span><\/div>\n<\/td>\n<\/tr>\n<tr>\n<td colspan=\"1\" rowspan=\"1\">\n<div class=\"magic-14\">\n<div class=\"magic-4\" data-spm-anchor-id=\"0.0.0.i28.54174f05q5Emo9\"><span class=\"magic-15\" style=\"font-family: Arial;\">Wymiar<\/span><\/div>\n<\/div>\n<\/td>\n<td colspan=\"1\" rowspan=\"1\">\n<div class=\"magic-16\"><span class=\"magic-15\" style=\"font-family: Arial;\">Dostosowane<\/span><\/div>\n<\/td>\n<\/tr>\n<tr>\n<td colspan=\"1\" rowspan=\"1\">\n<div class=\"magic-14\">\n<div class=\"magic-4\" data-spm-anchor-id=\"0.0.0.i34.54174f05q5Emo9\"><span class=\"magic-15\" style=\"font-family: Arial;\">Sprz\u0119t testowy<\/span><\/div>\n<\/div>\n<\/td>\n<td colspan=\"1\" rowspan=\"1\">\n<div class=\"magic-16\"><span class=\"magic-15\" style=\"font-family: Arial;\">Przyrz\u0105dy pomiarowe, projektor, wsp\u00f3\u0142rz\u0119dno\u015bciowa maszyna pomiarowa, wysoko\u015bciomierz, mikrometr, przyrz\u0105dy do pomiaru gwint\u00f3w, suwmiarki, przyrz\u0105dy do pomiaru szpilek itp.<\/span><\/div>\n<\/td>\n<\/tr>\n<tr>\n<td colspan=\"1\" rowspan=\"1\">\n<div class=\"magic-14\">\n<div class=\"magic-4\"><span class=\"magic-19\">Przetwarzanie<\/span><\/div>\n<\/div>\n<\/td>\n<td colspan=\"1\" rowspan=\"1\">\n<div class=\"magic-16\"><span class=\"magic-15\" style=\"font-family: Arial;\">Toczenie CNC, frezowanie, wiercenie, tokarka automatyczna, gwintowanie, tuleja, obr\u00f3bka powierzchni, anodowanie, odlewanie, wtryskiwanie, drukowanie 3D itp.<\/span><\/div>\n<\/td>\n<\/tr>\n<tr>\n<td colspan=\"1\" rowspan=\"1\">\n<div class=\"magic-14\">\n<div class=\"magic-4\"><span class=\"magic-19\" data-spm-anchor-id=\"0.0.0.i99.54174f052EhEWg\">Nasze zalety<\/span><\/div>\n<\/div>\n<\/td>\n<td colspan=\"1\" rowspan=\"1\">\n<div class=\"magic-16\"><span class=\"magic-15\" style=\"font-family: Arial;\">1.) 24-godzinny serwis online i szybka wycena\/dostawa.\u00a0<\/span><\/p>\n<div data-spm-anchor-id=\"0.0.0.i77.54174f052EhEWg\"><span class=\"magic-15\" style=\"font-family: Arial;\">2.) 100% Kontrola jako\u015bci QC przed dostaw\u0105, mo\u017ce zapewni\u0107 jako\u015b\u0107<br \/>\nformularz inspekcji.<\/span><\/div>\n<div data-spm-anchor-id=\"0.0.0.i77.54174f052EhEWg\"><span class=\"magic-15\" style=\"font-family: Arial;\">\u00a03.) Ponad 15 lat do\u015bwiadczenia w dziedzinie obr\u00f3bki CNC i starszy zesp\u00f3\u0142 projektowy, kt\u00f3ry oferuje doskona\u0142e sugestie dotycz\u0105ce modyfikacji.<\/span><\/div>\n<\/div>\n<\/td>\n<\/tr>\n<\/tbody>\n<\/table>","protected":false},"excerpt":{"rendered":"<p>Og\u00f3lnie rzecz bior\u0105c, precyzyjne aluminiowe przyrz\u0105dy do obr\u00f3bki CNC oferuj\u0105 po\u0142\u0105czenie wysokiej precyzji, lekkiej konstrukcji, odporno\u015bci na korozj\u0119 i op\u0142acalno\u015bci, co czyni je preferowanym wyborem w wielu zastosowaniach przemys\u0142owych.<\/p>","protected":false},"featured_media":715,"template":"","meta":{"_seopress_robots_primary_cat":"","_seopress_titles_title":"","_seopress_titles_desc":"","_seopress_robots_index":""},"product_brand":[],"product_cat":[30],"product_tag":[],"class_list":{"0":"post-810","1":"product","2":"type-product","3":"status-publish","4":"has-post-thumbnail","6":"product_cat-jigs-gages","8":"first","9":"instock","10":"shipping-taxable","11":"product-type-simple"},"_links":{"self":[{"href":"https:\/\/www.favamill.com\/pl\/wp-json\/wp\/v2\/product\/810","targetHints":{"allow":["GET"]}}],"collection":[{"href":"https:\/\/www.favamill.com\/pl\/wp-json\/wp\/v2\/product"}],"about":[{"href":"https:\/\/www.favamill.com\/pl\/wp-json\/wp\/v2\/types\/product"}],"wp:featuredmedia":[{"embeddable":true,"href":"https:\/\/www.favamill.com\/pl\/wp-json\/wp\/v2\/media\/715"}],"wp:attachment":[{"href":"https:\/\/www.favamill.com\/pl\/wp-json\/wp\/v2\/media?parent=810"}],"wp:term":[{"taxonomy":"product_brand","embeddable":true,"href":"https:\/\/www.favamill.com\/pl\/wp-json\/wp\/v2\/product_brand?post=810"},{"taxonomy":"product_cat","embeddable":true,"href":"https:\/\/www.favamill.com\/pl\/wp-json\/wp\/v2\/product_cat?post=810"},{"taxonomy":"product_tag","embeddable":true,"href":"https:\/\/www.favamill.com\/pl\/wp-json\/wp\/v2\/product_tag?post=810"}],"curies":[{"name":"wp","href":"https:\/\/api.w.org\/{rel}","templated":true}]}}