{"id":811,"date":"2023-07-02T17:57:48","date_gmt":"2023-07-02T17:57:48","guid":{"rendered":"https:\/\/b2.favamill.com\/product\/customized-automotive-inspection-jig\/"},"modified":"2024-06-02T22:50:41","modified_gmt":"2024-06-02T22:50:41","slug":"niestandardowy-przyrzad-do-kontroli-pojazdow","status":"publish","type":"product","link":"https:\/\/www.favamill.com\/pl\/product\/niestandardowy-przyrzad-do-kontroli-pojazdow\/","title":{"rendered":"Indywidualny przyrz\u0105d do kontroli pojazd\u00f3w"},"content":{"rendered":"<table>\n<tbody>\n<tr>\n<td width=\"214\">pozycja<\/td>\n<td>warto\u015b\u0107<\/td>\n<\/tr>\n<tr>\n<td width=\"214\">Miejsce pochodzenia<\/td>\n<td>Shenzhen, Chiny<\/td>\n<\/tr>\n<tr>\n<td width=\"214\">Mikroobr\u00f3bka czy nie?<\/p>\n<p>&nbsp;<\/td>\n<td>Mikroobr\u00f3bka<\/p>\n<p>&nbsp;<\/td>\n<\/tr>\n<tr>\n<td width=\"214\">Nazwa marki<\/td>\n<td>inne<\/td>\n<\/tr>\n<tr>\n<td width=\"214\">Numer modelu<\/td>\n<td>inne<\/td>\n<\/tr>\n<tr>\n<td width=\"214\">p\u0142yta dolna<\/td>\n<td>Aluminium 6061<\/td>\n<\/tr>\n<tr>\n<td width=\"214\">Czy jest to cz\u0119\u015b\u0107 standardowa?<\/td>\n<td>Cz\u0119\u015bci niestandardowe<\/td>\n<\/tr>\n<tr>\n<td width=\"214\">obr\u00f3bka powierzchni<\/td>\n<td>farba w sprayu<\/td>\n<\/tr>\n<tr>\n<td width=\"214\">MOQ<\/td>\n<td>1 Zestaw<\/td>\n<\/tr>\n<tr>\n<td width=\"214\">Mo\u017cliwo\u015bci materia\u0142owe:<\/p>\n<p>&nbsp;<\/td>\n<td>Aluminium, Metale hartowane, Stal nierdzewna, Stopy stali...<\/p>\n<p>&nbsp;<\/td>\n<\/tr>\n<tr>\n<td width=\"214\">Wymaganie:<\/p>\n<p>&nbsp;<\/td>\n<td>Cyfrowy model 3D Rysunki 2D<\/td>\n<\/tr>\n<\/tbody>\n<\/table>","protected":false},"excerpt":{"rendered":"<p>Nasze niestandardowe przyrz\u0105dy kontrolne dla bran\u017cy motoryzacyjnej oferuj\u0105 precyzyjne mo\u017cliwo\u015bci pomiarowe, niestandardowe konstrukcje, wielofunkcyjno\u015b\u0107, ergonomi\u0119, trwa\u0142o\u015b\u0107, integracj\u0119 z urz\u0105dzeniami testuj\u0105cymi, identyfikowalno\u015b\u0107.<\/p>","protected":false},"featured_media":722,"template":"","meta":{"_seopress_robots_primary_cat":"","_seopress_titles_title":"","_seopress_titles_desc":"","_seopress_robots_index":""},"product_brand":[],"product_cat":[30],"product_tag":[],"class_list":{"0":"post-811","1":"product","2":"type-product","3":"status-publish","4":"has-post-thumbnail","6":"product_cat-jigs-gages","8":"first","9":"instock","10":"shipping-taxable","11":"product-type-simple"},"_links":{"self":[{"href":"https:\/\/www.favamill.com\/pl\/wp-json\/wp\/v2\/product\/811","targetHints":{"allow":["GET"]}}],"collection":[{"href":"https:\/\/www.favamill.com\/pl\/wp-json\/wp\/v2\/product"}],"about":[{"href":"https:\/\/www.favamill.com\/pl\/wp-json\/wp\/v2\/types\/product"}],"wp:featuredmedia":[{"embeddable":true,"href":"https:\/\/www.favamill.com\/pl\/wp-json\/wp\/v2\/media\/722"}],"wp:attachment":[{"href":"https:\/\/www.favamill.com\/pl\/wp-json\/wp\/v2\/media?parent=811"}],"wp:term":[{"taxonomy":"product_brand","embeddable":true,"href":"https:\/\/www.favamill.com\/pl\/wp-json\/wp\/v2\/product_brand?post=811"},{"taxonomy":"product_cat","embeddable":true,"href":"https:\/\/www.favamill.com\/pl\/wp-json\/wp\/v2\/product_cat?post=811"},{"taxonomy":"product_tag","embeddable":true,"href":"https:\/\/www.favamill.com\/pl\/wp-json\/wp\/v2\/product_tag?post=811"}],"curies":[{"name":"wp","href":"https:\/\/api.w.org\/{rel}","templated":true}]}}