{"id":812,"date":"2023-07-02T18:06:31","date_gmt":"2023-07-02T18:06:31","guid":{"rendered":"https:\/\/b2.favamill.com\/product\/customized-automotive-inspection-welding-checking-fixture\/"},"modified":"2024-06-02T22:50:41","modified_gmt":"2024-06-02T22:50:41","slug":"niestandardowy-uchwyt-do-kontroli-spawania-w-przemysle-motoryzacyjnym","status":"publish","type":"product","link":"https:\/\/www.favamill.com\/pl\/product\/niestandardowy-uchwyt-do-kontroli-spawania-w-przemysle-motoryzacyjnym\/","title":{"rendered":"Niestandardowe urz\u0105dzenie do kontroli spawania inspekcji motoryzacyjnej"},"content":{"rendered":"<table class=\"hight-light-first-column all magic-6\">\n<tbody>\n<tr>\n<td colspan=\"1\" rowspan=\"1\">\n<div class=\"magic-7\">\n<div class=\"magic-8\" data-spm-anchor-id=\"a2700.pc-decorate.0.i25.45ea3333iFS8kA\"><span class=\"magic-9\"><span class=\"magic-10\" style=\"color: #2196ed;\"><b>Nazwa<\/b><\/span><\/span><\/div>\n<\/div>\n<\/td>\n<td colspan=\"1\" rowspan=\"1\">\n<div class=\"magic-11\"><span class=\"magic-10\">Przyrz\u0105d do kontroli spawania<\/span><\/div>\n<\/td>\n<\/tr>\n<tr>\n<td colspan=\"1\" rowspan=\"1\">\n<div class=\"magic-7\">\n<div class=\"magic-8\"><span class=\"magic-9\"><span class=\"magic-10\" style=\"color: #2196ed;\"><b>Materia\u0142y<\/b><\/span><\/span><\/div>\n<\/div>\n<\/td>\n<td colspan=\"1\" rowspan=\"1\">\n<div class=\"magic-11\"><span class=\"magic-10\" data-spm-anchor-id=\"a2700.details.0.i22.541172d5prK4oo\">Aluminium \/ stal \/ stal stopowa \/ stal nierdzewna \/ mosi\u0105dz itp.<\/span><\/div>\n<\/td>\n<\/tr>\n<tr>\n<td colspan=\"1\" rowspan=\"1\">\n<div class=\"magic-7\">\n<div class=\"magic-8\"><span class=\"magic-9\"><span class=\"magic-10\" style=\"color: #2196ed;\"><b>Obr\u00f3bka powierzchni<\/b><\/span><\/span><\/div>\n<\/div>\n<\/td>\n<td colspan=\"1\" rowspan=\"1\">\n<div class=\"magic-11\"><span class=\"magic-10\">Anodowanie, polerowanie, odlewanie piaskowe, cynkowanie \/ nikiel \/ chromowanie \/ malowanie \/ obr\u00f3bka cieplna itp.<\/span><\/div>\n<\/td>\n<\/tr>\n<tr>\n<td colspan=\"1\" rowspan=\"1\">\n<div class=\"magic-7\">\n<div class=\"magic-8\"><span class=\"magic-9\"><span class=\"magic-10\" style=\"color: #2196ed;\"><b>Tolerancja<\/b><\/span><\/span><\/div>\n<\/div>\n<\/td>\n<td colspan=\"1\" rowspan=\"1\">\n<div class=\"magic-11\"><span class=\"magic-10\">+\/-0,01 mm ~ +\/-0,05 mm, zgodnie z wymaganiami klienta<\/span><\/div>\n<\/td>\n<\/tr>\n<tr>\n<td colspan=\"1\" rowspan=\"1\">\n<div class=\"magic-7\">\n<div class=\"magic-8\" data-spm-anchor-id=\"a2700.pc-decorate.0.i17.45ea3333iFS8kA\"><span class=\"magic-10\" style=\"color: #2196ed;\"><b>Sprz\u0119t do przetwarzania<\/b><\/span><\/div>\n<\/div>\n<\/td>\n<td colspan=\"1\" rowspan=\"1\">\n<div class=\"magic-11\"><span class=\"magic-10\">Centrum obr\u00f3bcze CNC, tokarka CNC, szlifierka, wiertarka, elektrodr\u0105\u017carka, wycinarka drutowa itp.<\/span><\/div>\n<\/td>\n<\/tr>\n<tr>\n<td colspan=\"1\" rowspan=\"1\">\n<div class=\"magic-7\">\n<div class=\"magic-8\" data-spm-anchor-id=\"a2700.pc-decorate.0.i18.45ea3333iFS8kA\"><span class=\"magic-10\" style=\"color: #2196ed;\"><b>Metoda logo<\/b><\/span><\/div>\n<\/div>\n<\/td>\n<td colspan=\"1\" rowspan=\"1\">\n<div class=\"magic-11\"><span class=\"magic-10\">Grawerowanie laserowe \/ grawerowanie CNC \/ sitodruk itp.<\/span><\/div>\n<\/td>\n<\/tr>\n<tr>\n<td colspan=\"1\" rowspan=\"1\">\n<div class=\"magic-7\">\n<div class=\"magic-8\" data-spm-anchor-id=\"a2700.pc-decorate.0.i32.45ea3333iFS8kA\"><span class=\"magic-10\" style=\"color: #2196ed;\"><b>Kolor<\/b><\/span><\/div>\n<\/div>\n<\/td>\n<td colspan=\"1\" rowspan=\"1\">\n<div class=\"magic-11\"><span class=\"magic-10\">Srebrny \/ czarny \/ z\u0142oty \/ pomara\u0144czowy \/ szary, zgodnie z wymaganiami klienta<\/span><\/div>\n<\/td>\n<\/tr>\n<tr>\n<td colspan=\"1\" rowspan=\"1\">\n<div class=\"magic-7\">\n<div class=\"magic-8\"><span class=\"magic-9\"><span class=\"magic-10\" style=\"color: #2196ed;\"><b>Projekt us\u0142ugowy<\/b><\/span><\/span><\/div>\n<\/div>\n<\/td>\n<td colspan=\"1\" rowspan=\"1\">\n<div class=\"magic-11\" data-spm-anchor-id=\"a2700.details.0.i21.541172d5prK4oo\"><span class=\"magic-10\">Zapewnienie projektowania produkcji, produkcji i us\u0142ug technicznych, opracowywania i przetwarzania form itp.<\/span><\/div>\n<\/td>\n<\/tr>\n<\/tbody>\n<\/table>","protected":false},"excerpt":{"rendered":"<p>Nasze niestandardowe przyrz\u0105dy do kontroli spawania w bran\u017cy motoryzacyjnej oferuj\u0105 dok\u0142adn\u0105 ocen\u0119 jako\u015bci spawania, niestandardowe konstrukcje, mo\u017cliwo\u015bci mocowania i pozycjonowania.<\/p>","protected":false},"featured_media":729,"template":"","meta":{"_seopress_robots_primary_cat":"","_seopress_titles_title":"","_seopress_titles_desc":"","_seopress_robots_index":""},"product_brand":[],"product_cat":[25],"product_tag":[],"class_list":{"0":"post-812","1":"product","2":"type-product","3":"status-publish","4":"has-post-thumbnail","6":"product_cat-welding-fixture","8":"first","9":"instock","10":"shipping-taxable","11":"product-type-simple"},"_links":{"self":[{"href":"https:\/\/www.favamill.com\/pl\/wp-json\/wp\/v2\/product\/812","targetHints":{"allow":["GET"]}}],"collection":[{"href":"https:\/\/www.favamill.com\/pl\/wp-json\/wp\/v2\/product"}],"about":[{"href":"https:\/\/www.favamill.com\/pl\/wp-json\/wp\/v2\/types\/product"}],"wp:featuredmedia":[{"embeddable":true,"href":"https:\/\/www.favamill.com\/pl\/wp-json\/wp\/v2\/media\/729"}],"wp:attachment":[{"href":"https:\/\/www.favamill.com\/pl\/wp-json\/wp\/v2\/media?parent=812"}],"wp:term":[{"taxonomy":"product_brand","embeddable":true,"href":"https:\/\/www.favamill.com\/pl\/wp-json\/wp\/v2\/product_brand?post=812"},{"taxonomy":"product_cat","embeddable":true,"href":"https:\/\/www.favamill.com\/pl\/wp-json\/wp\/v2\/product_cat?post=812"},{"taxonomy":"product_tag","embeddable":true,"href":"https:\/\/www.favamill.com\/pl\/wp-json\/wp\/v2\/product_tag?post=812"}],"curies":[{"name":"wp","href":"https:\/\/api.w.org\/{rel}","templated":true}]}}