{"id":813,"date":"2023-07-07T17:39:47","date_gmt":"2023-07-07T17:39:47","guid":{"rendered":"https:\/\/b2.favamill.com\/product\/automotive-interior-plastic-parts-checking-fixture\/"},"modified":"2024-06-02T22:50:41","modified_gmt":"2024-06-02T22:50:41","slug":"urzadzenie-do-sprawdzania-plastikowych-czesci-samochodowych","status":"publish","type":"product","link":"https:\/\/www.favamill.com\/pl\/product\/urzadzenie-do-sprawdzania-plastikowych-czesci-samochodowych\/","title":{"rendered":"Urz\u0105dzenie do sprawdzania plastikowych cz\u0119\u015bci samochodowych"},"content":{"rendered":"<p>Materia\u0142 cz\u0119\u015bci z tworzywa sztucznego: PA (nylon)<br \/>\nMateria\u0142 uchwytu kontrolnego: AL6061, S136, \u017cywica plastikowa<br \/>\nTyp miernika: Pojedyncze urz\u0105dzenie<br \/>\nObr\u00f3bka: Obr\u00f3bka CNC, CMM<br \/>\nObr\u00f3bka powierzchniowa: Anodowanie, malowanie proszkowe, stal SS platerowana<br \/>\nCzas realizacji: 20 dni<br \/>\nZapewnienie jako\u015bci: Wewn\u0119trzna kontrola CMM, certyfikacja strony trzeciej<\/p>\n<div><strong>Produkowane przez nas uchwyty kontrolne maj\u0105 nast\u0119puj\u0105ce zalety:<\/strong><\/div>\n<div><\/div>\n<div>1.  Bardzo pi\u0119kny wygl\u0105d Samochodowy uchwyt kontrolny<\/div>\n<div>2.  Bardzo precyzyjna dok\u0142adno\u015b\u0107<\/div>\n<div>\u00a0 \u00a0 2.1 Dok\u0142adno\u015b\u0107 otworu uk\u0142adu odniesienia: +\/-0.05MM<\/div>\n<div>\u00a0 \u00a0 2.2 Dok\u0142adno\u015b\u0107 lokalizacji punktu odniesienia: +\/- 0,1 MM<\/div>\n<div>\u00a0 \u00a0 2.3 Precyzja profilu: +\/-0,15MM<\/div>\n<div><\/div>\n<div>3 . Niski koszt Poziom cen, bardzo konkurencyjna cena: 2000-8000 USD<\/div>\n<div>4 . Kr\u00f3tka dostawa 15-35 dni<\/div>\n<div>5 . Gwarancja jako\u015bci<\/div>\n<div>6. Rysunek komponentu, rysunek monta\u017cowy, rysunek miernika 3D, instrukcja obs\u0142ugi, raport z kalibracji CMM, potwierdzenie wysy\u0142ki Raport z kontroli zdj\u0119\u0107 przez stron\u0119 trzeci\u0105 zostanie dostarczony wraz z urz\u0105dzeniem.<\/div>\n<div>7.  Dost\u0119pna certyfikacja przez stron\u0119 trzeci\u0105<\/div>\n<div>8.  Opakowanie:  Drewniany karton \/ paleta \/ skrzynia<\/div>\n<div><\/div>\n<div>9.  Bardzo szybka\/wydajna wysy\u0142ka lotnicza, oszcz\u0119dno\u015b\u0107 koszt\u00f3w wysy\u0142ki oceanicznej<\/div>\n<div><\/div>","protected":false},"excerpt":{"rendered":"<p>Oprzyrz\u0105dowanie do sprawdzania plastikowych cz\u0119\u015bci samochodowych to specjalistyczne narz\u0119dzia wykorzystywane w procesie kontroli jako\u015bci produkcji motoryzacyjnej.<\/p>","protected":false},"featured_media":738,"template":"","meta":{"_seopress_robots_primary_cat":"","_seopress_titles_title":"","_seopress_titles_desc":"","_seopress_robots_index":""},"product_brand":[],"product_cat":[21,31],"product_tag":[],"class_list":{"0":"post-813","1":"product","2":"type-product","3":"status-publish","4":"has-post-thumbnail","6":"product_cat-checking-fixture","7":"product_cat-plastic-parts-checking-fixture","9":"first","10":"instock","11":"shipping-taxable","12":"product-type-simple"},"_links":{"self":[{"href":"https:\/\/www.favamill.com\/pl\/wp-json\/wp\/v2\/product\/813","targetHints":{"allow":["GET"]}}],"collection":[{"href":"https:\/\/www.favamill.com\/pl\/wp-json\/wp\/v2\/product"}],"about":[{"href":"https:\/\/www.favamill.com\/pl\/wp-json\/wp\/v2\/types\/product"}],"wp:featuredmedia":[{"embeddable":true,"href":"https:\/\/www.favamill.com\/pl\/wp-json\/wp\/v2\/media\/738"}],"wp:attachment":[{"href":"https:\/\/www.favamill.com\/pl\/wp-json\/wp\/v2\/media?parent=813"}],"wp:term":[{"taxonomy":"product_brand","embeddable":true,"href":"https:\/\/www.favamill.com\/pl\/wp-json\/wp\/v2\/product_brand?post=813"},{"taxonomy":"product_cat","embeddable":true,"href":"https:\/\/www.favamill.com\/pl\/wp-json\/wp\/v2\/product_cat?post=813"},{"taxonomy":"product_tag","embeddable":true,"href":"https:\/\/www.favamill.com\/pl\/wp-json\/wp\/v2\/product_tag?post=813"}],"curies":[{"name":"wp","href":"https:\/\/api.w.org\/{rel}","templated":true}]}}