{"id":814,"date":"2023-07-10T14:02:47","date_gmt":"2023-07-10T14:02:47","guid":{"rendered":"https:\/\/b2.favamill.com\/product\/car-air-outlet-check-fixture\/"},"modified":"2024-06-02T22:50:41","modified_gmt":"2024-06-02T22:50:41","slug":"uchwyt-kontrolny-wylotu-powietrza-w-samochodzie","status":"publish","type":"product","link":"https:\/\/www.favamill.com\/pl\/product\/uchwyt-kontrolny-wylotu-powietrza-w-samochodzie\/","title":{"rendered":"Urz\u0105dzenie sprawdzaj\u0105ce wylot powietrza w samochodzie"},"content":{"rendered":"<p>Materia\u0142 cz\u0119\u015bci z tworzywa sztucznego: ABS<br \/>\nMateria\u0142 uchwytu kontrolnego: AL6061, S136, \u017cywica plastikowa<br \/>\nTyp przyrz\u0105du: Pojedyncze urz\u0105dzenie, urz\u0105dzenie monta\u017cowe<br \/>\nObr\u00f3bka: Obr\u00f3bka CNC, CMM<br \/>\nObr\u00f3bka powierzchniowa: Anodowanie, Malowanie proszkowe<br \/>\nCzas realizacji: 20 dni<br \/>\nZapewnienie jako\u015bci: Wewn\u0119trzna kontrola CMM, certyfikacja strony trzeciej<\/p>","protected":false},"excerpt":{"rendered":"<p>Oprzyrz\u0105dowanie do kontroli wylot\u00f3w powietrza w samochodach jest stosowane w przemy\u015ble motoryzacyjnym w celu zapewnienia jako\u015bci i dok\u0142adno\u015bci wylot\u00f3w powietrza w samochodach podczas procesu produkcyjnego<\/p>","protected":false},"featured_media":745,"template":"","meta":{"_seopress_robots_primary_cat":"","_seopress_titles_title":"","_seopress_titles_desc":"","_seopress_robots_index":""},"product_brand":[],"product_cat":[21,31],"product_tag":[],"class_list":{"0":"post-814","1":"product","2":"type-product","3":"status-publish","4":"has-post-thumbnail","6":"product_cat-checking-fixture","7":"product_cat-plastic-parts-checking-fixture","9":"first","10":"instock","11":"shipping-taxable","12":"product-type-simple"},"_links":{"self":[{"href":"https:\/\/www.favamill.com\/pl\/wp-json\/wp\/v2\/product\/814","targetHints":{"allow":["GET"]}}],"collection":[{"href":"https:\/\/www.favamill.com\/pl\/wp-json\/wp\/v2\/product"}],"about":[{"href":"https:\/\/www.favamill.com\/pl\/wp-json\/wp\/v2\/types\/product"}],"wp:featuredmedia":[{"embeddable":true,"href":"https:\/\/www.favamill.com\/pl\/wp-json\/wp\/v2\/media\/745"}],"wp:attachment":[{"href":"https:\/\/www.favamill.com\/pl\/wp-json\/wp\/v2\/media?parent=814"}],"wp:term":[{"taxonomy":"product_brand","embeddable":true,"href":"https:\/\/www.favamill.com\/pl\/wp-json\/wp\/v2\/product_brand?post=814"},{"taxonomy":"product_cat","embeddable":true,"href":"https:\/\/www.favamill.com\/pl\/wp-json\/wp\/v2\/product_cat?post=814"},{"taxonomy":"product_tag","embeddable":true,"href":"https:\/\/www.favamill.com\/pl\/wp-json\/wp\/v2\/product_tag?post=814"}],"curies":[{"name":"wp","href":"https:\/\/api.w.org\/{rel}","templated":true}]}}