{"id":815,"date":"2023-07-10T14:17:04","date_gmt":"2023-07-10T14:17:04","guid":{"rendered":"https:\/\/b2.favamill.com\/product\/auto-grille-checking-fixture\/"},"modified":"2024-06-02T22:50:41","modified_gmt":"2024-06-02T22:50:41","slug":"uchwyt-do-automatycznego-sprawdzania-kratki","status":"publish","type":"product","link":"https:\/\/www.favamill.com\/pl\/product\/uchwyt-do-automatycznego-sprawdzania-kratki\/","title":{"rendered":"Urz\u0105dzenie do automatycznego sprawdzania kratek"},"content":{"rendered":"<p>Materia\u0142 cz\u0119\u015bci z tworzywa sztucznego: ABS<br \/>\nMateria\u0142 mocowania: AL6061, S136<br \/>\nObr\u00f3bka: Obr\u00f3bka CNC, CMM<br \/>\nObr\u00f3bka powierzchniowa: Anodowanie, Malowanie proszkowe<br \/>\nFunkcja:<\/p>\n<p>Kontrola og\u00f3lnej tolerancji wymiar\u00f3w i wsparcie kontroli CMM<\/p>\n<p>Oprzyrz\u0105dowanie do sprawdzania kratek samochodowych jest specjalnym narz\u0119dziem kontrolnym zaprojektowanym i wykonanym dla wygody kontroli jako\u015bci podczas masowej produkcji cz\u0119\u015bci samochodowych, co jest bardziej oszcz\u0119dne i pracoch\u0142onne ni\u017c kontrola za pomoc\u0105 og\u00f3lnych narz\u0119dzi pomiarowych<\/p>","protected":false},"excerpt":{"rendered":"<p>Przyrz\u0105dy do sprawdzania kratek samochodowych s\u0105 wykorzystywane w przemy\u015ble motoryzacyjnym do weryfikacji jako\u015bci, dopasowania i wyr\u00f3wnania element\u00f3w kratki podczas procesu produkcyjnego.<\/p>","protected":false},"featured_media":748,"template":"","meta":{"_seopress_robots_primary_cat":"","_seopress_titles_title":"","_seopress_titles_desc":"","_seopress_robots_index":""},"product_brand":[],"product_cat":[21,31],"product_tag":[],"class_list":{"0":"post-815","1":"product","2":"type-product","3":"status-publish","4":"has-post-thumbnail","6":"product_cat-checking-fixture","7":"product_cat-plastic-parts-checking-fixture","9":"first","10":"instock","11":"shipping-taxable","12":"product-type-simple"},"_links":{"self":[{"href":"https:\/\/www.favamill.com\/pl\/wp-json\/wp\/v2\/product\/815","targetHints":{"allow":["GET"]}}],"collection":[{"href":"https:\/\/www.favamill.com\/pl\/wp-json\/wp\/v2\/product"}],"about":[{"href":"https:\/\/www.favamill.com\/pl\/wp-json\/wp\/v2\/types\/product"}],"wp:featuredmedia":[{"embeddable":true,"href":"https:\/\/www.favamill.com\/pl\/wp-json\/wp\/v2\/media\/748"}],"wp:attachment":[{"href":"https:\/\/www.favamill.com\/pl\/wp-json\/wp\/v2\/media?parent=815"}],"wp:term":[{"taxonomy":"product_brand","embeddable":true,"href":"https:\/\/www.favamill.com\/pl\/wp-json\/wp\/v2\/product_brand?post=815"},{"taxonomy":"product_cat","embeddable":true,"href":"https:\/\/www.favamill.com\/pl\/wp-json\/wp\/v2\/product_cat?post=815"},{"taxonomy":"product_tag","embeddable":true,"href":"https:\/\/www.favamill.com\/pl\/wp-json\/wp\/v2\/product_tag?post=815"}],"curies":[{"name":"wp","href":"https:\/\/api.w.org\/{rel}","templated":true}]}}