{"id":816,"date":"2023-07-16T08:30:46","date_gmt":"2023-07-16T08:30:46","guid":{"rendered":"https:\/\/b2.favamill.com\/product\/automotive-vibration-part-jigs\/"},"modified":"2024-06-02T22:50:41","modified_gmt":"2024-06-02T22:50:41","slug":"przyrzady-do-wibracji-czesci-samochodowych","status":"publish","type":"product","link":"https:\/\/www.favamill.com\/pl\/product\/przyrzady-do-wibracji-czesci-samochodowych\/","title":{"rendered":"Samochodowe przyrz\u0105dy do wibracji"},"content":{"rendered":"<p>Materia\u0142 cz\u0119\u015bci z tworzywa sztucznego: POM<br \/>\nMateria\u0142 mocowania: AL6061, S136<br \/>\nObr\u00f3bka: Obr\u00f3bka CNC, CMM<br \/>\nObr\u00f3bka powierzchniowa: Anodowanie, Malowanie proszkowe<br \/>\nCechy: Niewielka waga, min. waga do test\u00f3w wibracyjnych cz\u0119\u015bci samochodowych<\/p>","protected":false},"excerpt":{"rendered":"<p>Samochodowe przyrz\u0105dy do wibracji, znane r\u00f3wnie\u017c jako przyrz\u0105dy do wibracji lub przyrz\u0105dy do test\u00f3w wibracyjnych, s\u0105 wykorzystywane w przemy\u015ble motoryzacyjnym do symulacji i oceny reakcji podzespo\u0142\u00f3w i zespo\u0142\u00f3w samochodowych,<\/p>","protected":false},"featured_media":754,"template":"","meta":{"_seopress_robots_primary_cat":"","_seopress_titles_title":"","_seopress_titles_desc":"","_seopress_robots_index":""},"product_brand":[],"product_cat":[30],"product_tag":[],"class_list":{"0":"post-816","1":"product","2":"type-product","3":"status-publish","4":"has-post-thumbnail","6":"product_cat-jigs-gages","8":"first","9":"instock","10":"shipping-taxable","11":"product-type-simple"},"_links":{"self":[{"href":"https:\/\/www.favamill.com\/pl\/wp-json\/wp\/v2\/product\/816","targetHints":{"allow":["GET"]}}],"collection":[{"href":"https:\/\/www.favamill.com\/pl\/wp-json\/wp\/v2\/product"}],"about":[{"href":"https:\/\/www.favamill.com\/pl\/wp-json\/wp\/v2\/types\/product"}],"wp:featuredmedia":[{"embeddable":true,"href":"https:\/\/www.favamill.com\/pl\/wp-json\/wp\/v2\/media\/754"}],"wp:attachment":[{"href":"https:\/\/www.favamill.com\/pl\/wp-json\/wp\/v2\/media?parent=816"}],"wp:term":[{"taxonomy":"product_brand","embeddable":true,"href":"https:\/\/www.favamill.com\/pl\/wp-json\/wp\/v2\/product_brand?post=816"},{"taxonomy":"product_cat","embeddable":true,"href":"https:\/\/www.favamill.com\/pl\/wp-json\/wp\/v2\/product_cat?post=816"},{"taxonomy":"product_tag","embeddable":true,"href":"https:\/\/www.favamill.com\/pl\/wp-json\/wp\/v2\/product_tag?post=816"}],"curies":[{"name":"wp","href":"https:\/\/api.w.org\/{rel}","templated":true}]}}