{"id":817,"date":"2023-07-16T08:45:58","date_gmt":"2023-07-16T08:45:58","guid":{"rendered":"https:\/\/b2.favamill.com\/product\/car-accessories-gonogo-gage-inspection-tool\/"},"modified":"2024-06-02T22:50:42","modified_gmt":"2024-06-02T22:50:42","slug":"akcesoria-samochodowe-przyrzad-kontrolny-gonogo","status":"publish","type":"product","link":"https:\/\/www.favamill.com\/pl\/product\/akcesoria-samochodowe-przyrzad-kontrolny-gonogo\/","title":{"rendered":"Akcesoria samochodowe Narz\u0119dzie kontrolne Go&amp;NoGo Gage"},"content":{"rendered":"<p>Miejsce pochodzenia: Guangdong, Chiny<br \/>\nNazwa marki:Favamill<br \/>\nNumer modelu:FG005 metryczny i calowy<br \/>\nNazwa produktu:Miernik Go&amp;NoGo<br \/>\nMateria\u0142: stal w\u0119glowa<br \/>\nTyp:R\u0119czne narz\u0119dzia pomiarowe<br \/>\nZastosowanie: mierniki robocze<br \/>\nCzas realizacji: 3-7 dni<br \/>\nPakowanie i dostawa: Szczeg\u00f3\u0142y opakowania Plastikowe pude\u0142ko i karton<br \/>\nPort: Shenzhen<\/p>","protected":false},"excerpt":{"rendered":"<p>Przyrz\u0105dy kontrolne Go&amp;NoGo do akcesori\u00f3w samochodowych, znane r\u00f3wnie\u017c jako uchwyty kontrolne lub przyrz\u0105dy kontrolne, s\u0105 wykorzystywane w przemy\u015ble motoryzacyjnym do weryfikacji dok\u0142adno\u015bci wymiarowej i zgodno\u015bci komponent\u00f3w akcesori\u00f3w samochodowych.<\/p>","protected":false},"featured_media":757,"template":"","meta":{"_seopress_robots_primary_cat":"","_seopress_titles_title":"","_seopress_titles_desc":"","_seopress_robots_index":""},"product_brand":[],"product_cat":[30],"product_tag":[],"class_list":{"0":"post-817","1":"product","2":"type-product","3":"status-publish","4":"has-post-thumbnail","6":"product_cat-jigs-gages","8":"first","9":"instock","10":"shipping-taxable","11":"product-type-simple"},"_links":{"self":[{"href":"https:\/\/www.favamill.com\/pl\/wp-json\/wp\/v2\/product\/817","targetHints":{"allow":["GET"]}}],"collection":[{"href":"https:\/\/www.favamill.com\/pl\/wp-json\/wp\/v2\/product"}],"about":[{"href":"https:\/\/www.favamill.com\/pl\/wp-json\/wp\/v2\/types\/product"}],"wp:featuredmedia":[{"embeddable":true,"href":"https:\/\/www.favamill.com\/pl\/wp-json\/wp\/v2\/media\/757"}],"wp:attachment":[{"href":"https:\/\/www.favamill.com\/pl\/wp-json\/wp\/v2\/media?parent=817"}],"wp:term":[{"taxonomy":"product_brand","embeddable":true,"href":"https:\/\/www.favamill.com\/pl\/wp-json\/wp\/v2\/product_brand?post=817"},{"taxonomy":"product_cat","embeddable":true,"href":"https:\/\/www.favamill.com\/pl\/wp-json\/wp\/v2\/product_cat?post=817"},{"taxonomy":"product_tag","embeddable":true,"href":"https:\/\/www.favamill.com\/pl\/wp-json\/wp\/v2\/product_tag?post=817"}],"curies":[{"name":"wp","href":"https:\/\/api.w.org\/{rel}","templated":true}]}}