{"id":818,"date":"2023-07-27T16:55:12","date_gmt":"2023-07-27T16:55:12","guid":{"rendered":"https:\/\/b2.favamill.com\/product\/customized-cnc-machining-checking-fixture-for-automotive-bracket\/"},"modified":"2024-06-02T22:50:42","modified_gmt":"2024-06-02T22:50:42","slug":"niestandardowy-uchwyt-kontrolny-do-obrobki-cnc-do-wspornika-samochodowego","status":"publish","type":"product","link":"https:\/\/www.favamill.com\/pl\/product\/niestandardowy-uchwyt-kontrolny-do-obrobki-cnc-do-wspornika-samochodowego\/","title":{"rendered":"Dostosowany uchwyt kontrolny do obr\u00f3bki CNC do wspornika samochodowego"},"content":{"rendered":"<table border=\"1\" cellspacing=\"1\" cellpadding=\"1\">\n<tbody>\n<tr>\n<td>Materia\u0142 wn\u0119ki<\/td>\n<td>1.2738,1.2343, 1.2344, S7, H13, P20HH, GS738H, LKM738H, 718, 8407, S136, Calmax 635 NAK80,<br \/>\nSKD-61, NIMAX, 45#, 50#, aluminium do form prototypowych itp.<\/td>\n<\/tr>\n<tr>\n<td>Biegacz<\/td>\n<td>Cold runner lub Hot runner: YUDO\/ HUSKY\/MOLD-MASTER\/SYNVENTIRE\/INCO\/ MASTIP\/ HASCO\/ DME<\/td>\n<\/tr>\n<tr>\n<td>Brama<\/td>\n<td>Brama podwodna, brama tunelowa, brama boczna\/kraw\u0119dziowa, brama bezpo\u015brednia, brama punktowa, brama wlewowa, brama membranowa, brama wentylatorowa, brama nerkowca, brama hakowa, gor\u0105ca ko\u0144c\u00f3wka, gor\u0105ca kropla, brama zaworowa itp.<\/td>\n<\/tr>\n<tr>\n<td>Plastikowy materia\u0142 na cz\u0119\u015bci<\/td>\n<td>PS, SAN, PA, POM, ABS, PP, PET, PC, PE, HDPE, PA66+GF, PVC, TPE, TPU, TPV itp.<\/td>\n<\/tr>\n<tr>\n<td>Proces<\/td>\n<td>CNC, szybkie rze\u017abienie, EDM, ci\u0119cie przewod\u00f3w, wiercenie, polerowanie itp.<\/td>\n<\/tr>\n<tr>\n<td>Czas realizacji<\/td>\n<td>10-30 dni roboczych w zale\u017cno\u015bci od struktury i rozmiaru produkt\u00f3w<\/td>\n<\/tr>\n<tr>\n<td>Pakiet<\/td>\n<td>Opakowanie drewniane lub zgodnie z wymaganiami klienta<\/td>\n<\/tr>\n<tr>\n<td>Cena Termin<\/td>\n<td>EX Works, FOB Shenzhen, FOB Hong Kong, Chiny, CFR, CIF, DDU, DDP<\/td>\n<\/tr>\n<\/tbody>\n<\/table>","protected":false},"excerpt":{"rendered":"<p>Je\u015bli chodzi o funkcje wspornika samochodowego, niestandardowe mocowanie kontrolne do obr\u00f3bki CNC powinno obejmowa\u0107 kilka wa\u017cnych aspekt\u00f3w.<\/p>","protected":false},"featured_media":763,"template":"","meta":{"_seopress_robots_primary_cat":"","_seopress_titles_title":"","_seopress_titles_desc":"","_seopress_robots_index":""},"product_brand":[],"product_cat":[21,23],"product_tag":[],"class_list":{"0":"post-818","1":"product","2":"type-product","3":"status-publish","4":"has-post-thumbnail","6":"product_cat-checking-fixture","7":"product_cat-sheet-metal-checking-fixture","9":"first","10":"instock","11":"shipping-taxable","12":"product-type-simple"},"_links":{"self":[{"href":"https:\/\/www.favamill.com\/pl\/wp-json\/wp\/v2\/product\/818","targetHints":{"allow":["GET"]}}],"collection":[{"href":"https:\/\/www.favamill.com\/pl\/wp-json\/wp\/v2\/product"}],"about":[{"href":"https:\/\/www.favamill.com\/pl\/wp-json\/wp\/v2\/types\/product"}],"wp:featuredmedia":[{"embeddable":true,"href":"https:\/\/www.favamill.com\/pl\/wp-json\/wp\/v2\/media\/763"}],"wp:attachment":[{"href":"https:\/\/www.favamill.com\/pl\/wp-json\/wp\/v2\/media?parent=818"}],"wp:term":[{"taxonomy":"product_brand","embeddable":true,"href":"https:\/\/www.favamill.com\/pl\/wp-json\/wp\/v2\/product_brand?post=818"},{"taxonomy":"product_cat","embeddable":true,"href":"https:\/\/www.favamill.com\/pl\/wp-json\/wp\/v2\/product_cat?post=818"},{"taxonomy":"product_tag","embeddable":true,"href":"https:\/\/www.favamill.com\/pl\/wp-json\/wp\/v2\/product_tag?post=818"}],"curies":[{"name":"wp","href":"https:\/\/api.w.org\/{rel}","templated":true}]}}