{"id":819,"date":"2023-08-23T14:54:55","date_gmt":"2023-08-23T14:54:55","guid":{"rendered":"https:\/\/b2.favamill.com\/product\/custom-3d-cmm-welding-holding-fixture\/"},"modified":"2024-06-02T22:50:42","modified_gmt":"2024-06-02T22:50:42","slug":"niestandardowy-uchwyt-spawalniczy-3d-cmm","status":"publish","type":"product","link":"https:\/\/www.favamill.com\/pl\/product\/niestandardowy-uchwyt-spawalniczy-3d-cmm\/","title":{"rendered":"Niestandardowy uchwyt spawalniczy 3D CMM"},"content":{"rendered":"<table style=\"border-collapse: collapse; width: 424.52pt;\" border=\"0\" width=\"566\" cellspacing=\"0\" cellpadding=\"0\">\n<tbody>\n<tr style=\"height: 51.00pt;\">\n<td class=\"et2\" style=\"height: 51.00pt; width: 167.25pt;\" width=\"223\" height=\"68\">Nazwa marki<\/td>\n<td class=\"et3\" style=\"width: 257.25pt;\" width=\"343\"><span class=\"font2\">OEM<\/span><\/td>\n<\/tr>\n<tr style=\"height: 51.00pt;\">\n<td class=\"et2\" style=\"height: 51.00pt; width: 167.25pt;\" width=\"223\" height=\"68\">Nazwa produktu<\/td>\n<td class=\"et3\" style=\"width: 257.25pt;\" width=\"343\"><span class=\"font2\">Metalowa matryca\/forma do t\u0142oczenia<\/span><\/td>\n<\/tr>\n<tr style=\"height: 51.00pt;\">\n<td class=\"et2\" style=\"height: 51.00pt; width: 167.25pt;\" width=\"223\" height=\"68\">Tolerancja<\/td>\n<td class=\"et3\" style=\"width: 257.25pt;\" width=\"343\"><span class=\"font2\">\u00b10,002 mm<\/span><\/td>\n<\/tr>\n<tr style=\"height: 51.00pt;\">\n<td class=\"et2\" style=\"height: 51.00pt; width: 167.25pt;\" width=\"223\" height=\"68\">Materia\u0142<\/td>\n<td class=\"et3\" style=\"width: 257.25pt;\" width=\"343\"><span class=\"font2\">SKD11, SKD 61, Cr12MOV, D2, SKH-9, RM56, ASP23 itp.<\/span><\/td>\n<\/tr>\n<tr style=\"height: 51.00pt;\">\n<td class=\"et2\" style=\"height: 51.00pt; width: 167.25pt;\" width=\"223\" height=\"68\">Oprogramowanie do projektowania<\/td>\n<td class=\"et3\" style=\"width: 257.25pt;\" width=\"343\"><span class=\"font2\">AutoCAD, Solid Works, PRO\/E, UG<\/span><\/td>\n<\/tr>\n<tr style=\"height: 51.00pt;\">\n<td class=\"et2\" style=\"height: 51.00pt; width: 167.25pt;\" width=\"223\" height=\"68\">Standard<\/td>\n<td class=\"et3\" style=\"width: 257.25pt;\" width=\"343\"><span class=\"font2\">ISO9001<\/span><\/td>\n<\/tr>\n<tr style=\"height: 51.00pt;\">\n<td class=\"et2\" style=\"height: 51.00pt; width: 167.25pt;\" width=\"223\" height=\"68\">Typ formy<\/td>\n<td class=\"et3\" style=\"width: 257.25pt;\" width=\"343\"><span class=\"font2\">Z\u0142o\u017cona matryca t\u0142ocz\u0105ca, pojedyncza matryca t\u0142ocz\u0105ca, matryca progresywna lub zgodnie z wymaganiami klienta<\/span><\/td>\n<\/tr>\n<tr style=\"height: 51.00pt;\">\n<td class=\"et2\" style=\"height: 51.00pt; width: 167.25pt;\" width=\"223\" height=\"68\">Pierwsza pr\u00f3ba<\/td>\n<td class=\"et3\" style=\"width: 257.25pt;\" width=\"343\"><span class=\"font2\">15-25 dni po potwierdzeniu rysunku formy<\/span><\/td>\n<\/tr>\n<tr style=\"height: 51.00pt;\">\n<td class=\"et4\" style=\"height: 51.00pt; width: 167.25pt;\" width=\"223\" height=\"68\">\u017bywotno\u015b\u0107 ple\u015bni<\/td>\n<td class=\"et5\" style=\"width: 257.25pt;\" width=\"343\"><span class=\"font2\">Zale\u017cy od zdolno\u015bci produkcyjnych klienta<\/span><\/td>\n<\/tr>\n<tr style=\"height: 40.50pt;\">\n<td class=\"et2\" style=\"height: 40.50pt; width: 167.25pt;\" width=\"223\" height=\"54\">Potwierdzenie jako\u015bci<\/td>\n<td class=\"et3\" style=\"width: 257.25pt;\" width=\"343\"><span class=\"font2\">Mo\u017ce wys\u0142a\u0107 uk\u0142ad pask\u00f3w matrycy, testowanie wideo, certyfikat kontroli i pr\u00f3bk\u0119 produktu<\/span><\/td>\n<\/tr>\n<tr style=\"height: 40.50pt;\">\n<td class=\"et2\" style=\"height: 40.50pt; width: 167.25pt;\" width=\"223\" height=\"54\">Pakiet<\/td>\n<td class=\"et3\" style=\"width: 257.25pt;\" width=\"343\"><span class=\"font2\">Worki PE i karton na produkty, drewniana skrzynka na matryc\u0119 \/ form\u0119 lub zgodnie z wymaganiami klienta<\/span><\/td>\n<\/tr>\n<\/tbody>\n<\/table>","protected":false},"excerpt":{"rendered":"<p>Te niestandardowe uchwyty 3D CMM do spawania zosta\u0142y zaprojektowane w celu usprawnienia procesu kontroli, poprawy kontroli jako\u015bci i wydajno\u015bci przy jednoczesnym zapewnieniu dok\u0142adnych pomiar\u00f3w spawanych element\u00f3w.<\/p>","protected":false},"featured_media":770,"template":"","meta":{"_seopress_robots_primary_cat":"","_seopress_titles_title":"","_seopress_titles_desc":"","_seopress_robots_index":""},"product_brand":[],"product_cat":[32],"product_tag":[],"class_list":{"0":"post-819","1":"product","2":"type-product","3":"status-publish","4":"has-post-thumbnail","6":"product_cat-cmm-holding-fixture","8":"first","9":"instock","10":"shipping-taxable","11":"product-type-simple"},"_links":{"self":[{"href":"https:\/\/www.favamill.com\/pl\/wp-json\/wp\/v2\/product\/819","targetHints":{"allow":["GET"]}}],"collection":[{"href":"https:\/\/www.favamill.com\/pl\/wp-json\/wp\/v2\/product"}],"about":[{"href":"https:\/\/www.favamill.com\/pl\/wp-json\/wp\/v2\/types\/product"}],"wp:featuredmedia":[{"embeddable":true,"href":"https:\/\/www.favamill.com\/pl\/wp-json\/wp\/v2\/media\/770"}],"wp:attachment":[{"href":"https:\/\/www.favamill.com\/pl\/wp-json\/wp\/v2\/media?parent=819"}],"wp:term":[{"taxonomy":"product_brand","embeddable":true,"href":"https:\/\/www.favamill.com\/pl\/wp-json\/wp\/v2\/product_brand?post=819"},{"taxonomy":"product_cat","embeddable":true,"href":"https:\/\/www.favamill.com\/pl\/wp-json\/wp\/v2\/product_cat?post=819"},{"taxonomy":"product_tag","embeddable":true,"href":"https:\/\/www.favamill.com\/pl\/wp-json\/wp\/v2\/product_tag?post=819"}],"curies":[{"name":"wp","href":"https:\/\/api.w.org\/{rel}","templated":true}]}}