{"id":820,"date":"2023-08-23T15:12:54","date_gmt":"2023-08-23T15:12:54","guid":{"rendered":"https:\/\/b2.favamill.com\/product\/welding-assembly-fixture-for-automobile-rear-door\/"},"modified":"2024-06-02T22:50:42","modified_gmt":"2024-06-02T22:50:42","slug":"uchwyt-spawalniczy-do-tylnych-drzwi-samochodowych","status":"publish","type":"product","link":"https:\/\/www.favamill.com\/pl\/product\/uchwyt-spawalniczy-do-tylnych-drzwi-samochodowych\/","title":{"rendered":"Uchwyt spawalniczy do tylnych drzwi samochodowych"},"content":{"rendered":"<table style=\"border-collapse: collapse; width: 607px; height: 743px;\" border=\"0\" width=\"479\" cellspacing=\"0\" cellpadding=\"0\">\n<tbody>\n<tr style=\"height: 48.00pt;\">\n<td class=\"et2\" style=\"height: 48.00pt; width: 140.25pt;\" width=\"187\" height=\"64\">Nazwa marki<\/td>\n<td class=\"et3\" style=\"width: 219.00pt;\" width=\"292\"><span class=\"font2\">Favamill<\/span><\/td>\n<\/tr>\n<tr style=\"height: 48.00pt;\">\n<td class=\"et2\" style=\"height: 48.00pt; width: 140.25pt;\" width=\"187\" height=\"64\">Nazwa produktu<\/td>\n<td class=\"et3\" style=\"width: 219.00pt;\" width=\"292\">Uchwyt spawalniczy do tylnych drzwi samochodowych<\/td>\n<\/tr>\n<tr style=\"height: 48.00pt;\">\n<td class=\"et2\" style=\"height: 48.00pt; width: 140.25pt;\" width=\"187\" height=\"64\">Tolerancja<\/td>\n<td class=\"et3\" style=\"width: 219.00pt;\" width=\"292\"><span class=\"font2\">\u00b10,002 mm<\/span><\/td>\n<\/tr>\n<tr style=\"height: 48.00pt;\">\n<td class=\"et2\" style=\"height: 48.00pt; width: 140.25pt;\" width=\"187\" height=\"64\">Materia\u0142<\/td>\n<td class=\"et3\" style=\"width: 219.00pt;\" width=\"292\"><span class=\"font2\">SKD11, SKD 61, Cr12MOV, D2, SKH-9, RM56, ASP23 itp.<\/span><\/td>\n<\/tr>\n<tr style=\"height: 48.00pt;\">\n<td class=\"et2\" style=\"height: 48.00pt; width: 140.25pt;\" width=\"187\" height=\"64\">Oprogramowanie do projektowania<\/td>\n<td class=\"et3\" style=\"width: 219.00pt;\" width=\"292\"><span class=\"font2\">AutoCAD, Solid Works, PRO\/E, UG<\/span><\/td>\n<\/tr>\n<tr style=\"height: 48.00pt;\">\n<td class=\"et2\" style=\"height: 48.00pt; width: 140.25pt;\" width=\"187\" height=\"64\">Standard<\/td>\n<td class=\"et3\" style=\"width: 219.00pt;\" width=\"292\"><span class=\"font2\">ISO9001<\/span><\/td>\n<\/tr>\n<tr style=\"height: 48.00pt;\">\n<td class=\"et2\" style=\"height: 48.00pt; width: 140.25pt;\" width=\"187\" height=\"64\">Typ formy<\/td>\n<td class=\"et3\" style=\"width: 219.00pt;\" width=\"292\"><span class=\"font2\">Z\u0142o\u017cona matryca t\u0142ocz\u0105ca, pojedyncza matryca t\u0142ocz\u0105ca, matryca progresywna lub zgodnie z wymaganiami klienta<\/span><\/td>\n<\/tr>\n<tr style=\"height: 48.00pt;\">\n<td class=\"et2\" style=\"height: 48.00pt; width: 140.25pt;\" width=\"187\" height=\"64\">Pierwsza pr\u00f3ba<\/td>\n<td class=\"et3\" style=\"width: 219.00pt;\" width=\"292\"><span class=\"font2\">15-25 dni po potwierdzeniu rysunku formy<\/span><\/td>\n<\/tr>\n<tr style=\"height: 48.00pt;\">\n<td class=\"et4\" style=\"height: 48.00pt; width: 140.25pt;\" width=\"187\" height=\"64\">\u017bywotno\u015b\u0107 ple\u015bni<\/td>\n<td class=\"et5\" style=\"width: 219.00pt;\" width=\"292\"><span class=\"font2\">Zale\u017cy od zdolno\u015bci produkcyjnych klienta<\/span><\/td>\n<\/tr>\n<tr style=\"height: 48.00pt;\">\n<td class=\"et2\" style=\"height: 48.00pt; width: 140.25pt;\" width=\"187\" height=\"64\">Potwierdzenie jako\u015bci<\/td>\n<td class=\"et3\" style=\"width: 219.00pt;\" width=\"292\"><span class=\"font2\">Mo\u017ce wys\u0142a\u0107 uk\u0142ad pask\u00f3w matrycy, testowanie wideo, certyfikat kontroli i pr\u00f3bk\u0119 produktu<\/span><\/td>\n<\/tr>\n<tr style=\"height: 48.00pt;\">\n<td class=\"et2\" style=\"height: 48.00pt; width: 140.25pt;\" width=\"187\" height=\"64\">Pakiet<\/td>\n<td class=\"et3\" style=\"width: 219.00pt;\" width=\"292\"><span class=\"font2\">Worki PE i karton na produkty, drewniana skrzynka na matryc\u0119 \/ form\u0119 lub zgodnie z wymaganiami klienta<\/span><\/td>\n<\/tr>\n<\/tbody>\n<\/table>","protected":false},"excerpt":{"rendered":"<p>Og\u00f3lnie rzecz bior\u0105c, to urz\u0105dzenie do spawania tylnych drzwi samochodowych powinno zapewnia\u0107 precyzyjne wyr\u00f3wnanie, bezpieczne mocowanie i wydajne procesy spawania w celu utrzymania sta\u0142ej jako\u015bci przy jednoczesnej poprawie wydajno\u015bci i przyspieszeniu proces\u00f3w produkcyjnych.<\/p>","protected":false},"featured_media":777,"template":"","meta":{"_seopress_robots_primary_cat":"","_seopress_titles_title":"","_seopress_titles_desc":"","_seopress_robots_index":""},"product_brand":[],"product_cat":[25],"product_tag":[],"class_list":{"0":"post-820","1":"product","2":"type-product","3":"status-publish","4":"has-post-thumbnail","6":"product_cat-welding-fixture","8":"first","9":"instock","10":"shipping-taxable","11":"product-type-simple"},"_links":{"self":[{"href":"https:\/\/www.favamill.com\/pl\/wp-json\/wp\/v2\/product\/820","targetHints":{"allow":["GET"]}}],"collection":[{"href":"https:\/\/www.favamill.com\/pl\/wp-json\/wp\/v2\/product"}],"about":[{"href":"https:\/\/www.favamill.com\/pl\/wp-json\/wp\/v2\/types\/product"}],"wp:featuredmedia":[{"embeddable":true,"href":"https:\/\/www.favamill.com\/pl\/wp-json\/wp\/v2\/media\/777"}],"wp:attachment":[{"href":"https:\/\/www.favamill.com\/pl\/wp-json\/wp\/v2\/media?parent=820"}],"wp:term":[{"taxonomy":"product_brand","embeddable":true,"href":"https:\/\/www.favamill.com\/pl\/wp-json\/wp\/v2\/product_brand?post=820"},{"taxonomy":"product_cat","embeddable":true,"href":"https:\/\/www.favamill.com\/pl\/wp-json\/wp\/v2\/product_cat?post=820"},{"taxonomy":"product_tag","embeddable":true,"href":"https:\/\/www.favamill.com\/pl\/wp-json\/wp\/v2\/product_tag?post=820"}],"curies":[{"name":"wp","href":"https:\/\/api.w.org\/{rel}","templated":true}]}}