{"id":821,"date":"2023-08-23T16:05:42","date_gmt":"2023-08-23T16:05:42","guid":{"rendered":"https:\/\/b2.favamill.com\/product\/steel-cmm-holding-fixture-for-automotive-part\/"},"modified":"2024-06-02T22:50:42","modified_gmt":"2024-06-02T22:50:42","slug":"stalowy-uchwyt-cmm-do-czesci-samochodowych","status":"publish","type":"product","link":"https:\/\/www.favamill.com\/pl\/product\/stalowy-uchwyt-cmm-do-czesci-samochodowych\/","title":{"rendered":"Stalowe mocowanie Cmm do cz\u0119\u015bci samochodowych"},"content":{"rendered":"<table style=\"border-collapse: collapse; width: 408.02pt;\" border=\"0\" width=\"544\" cellspacing=\"0\" cellpadding=\"0\">\n<tbody>\n<tr style=\"height: 48.00pt;\">\n<td class=\"et2\" style=\"height: 48.00pt; width: 152.25pt;\" width=\"203\" height=\"64\">Wsparcie dostosowane do indywidualnych potrzeb<\/td>\n<td style=\"width: 255.75pt;\" width=\"341\">OEM, ODM, reengineering oprogramowania<\/td>\n<\/tr>\n<tr style=\"height: 48.00pt;\">\n<td class=\"et2\" style=\"height: 48.00pt; width: 152.25pt;\" width=\"203\" height=\"64\">Miejsce pochodzenia<\/td>\n<td class=\"et3\" style=\"width: 255.75pt;\" width=\"341\"><span class=\"font2\">Guangdong, Chiny<\/span><\/td>\n<\/tr>\n<tr style=\"height: 48.00pt;\">\n<td class=\"et2\" style=\"height: 48.00pt; width: 152.25pt;\" width=\"203\" height=\"64\">Nazwa marki<\/td>\n<td>Favimiall<\/td>\n<\/tr>\n<tr style=\"height: 48.00pt;\">\n<td class=\"et2\" style=\"height: 48.00pt; width: 152.25pt;\" width=\"203\" height=\"64\">Numer modelu<\/td>\n<td class=\"et3\" style=\"width: 255.75pt;\" width=\"341\">FV-J-01<\/td>\n<\/tr>\n<tr style=\"height: 48.00pt;\">\n<td class=\"et2\" style=\"height: 48.00pt; width: 152.25pt;\" width=\"203\" height=\"64\">Nazwa produktu<\/td>\n<td class=\"et3\" style=\"width: 255.75pt;\" width=\"341\">Urz\u0105dzenie do sprawdzania cz\u0119\u015bci samochodowych<\/td>\n<\/tr>\n<tr style=\"height: 48.00pt;\">\n<td class=\"et2\" style=\"height: 48.00pt; width: 152.25pt;\" width=\"203\" height=\"64\">Funkcja<\/td>\n<td class=\"et3\" style=\"width: 255.75pt;\" width=\"341\"><span class=\"font2\">Sprawdzanie komponent\u00f3w<\/span><\/td>\n<\/tr>\n<tr style=\"height: 48.00pt;\">\n<td class=\"et2\" style=\"height: 48.00pt; width: 152.25pt;\" width=\"203\" height=\"64\">Czas dostawy<\/td>\n<td class=\"et3\" style=\"width: 255.75pt;\" width=\"341\"><span class=\"font2\">30 dni<\/span><\/td>\n<\/tr>\n<tr style=\"height: 48.00pt;\">\n<td class=\"et2\" style=\"height: 48.00pt; width: 152.25pt;\" width=\"203\" height=\"64\">MOQ<\/td>\n<td>1 SZT.<\/td>\n<\/tr>\n<tr style=\"height: 48.00pt;\">\n<td class=\"et4\" style=\"height: 48.00pt;\" height=\"64\">Materia\u0142<\/td>\n<td>Stal<\/td>\n<\/tr>\n<tr style=\"height: 48.00pt;\">\n<td class=\"et4\" style=\"height: 48.00pt;\" height=\"64\">Typ<\/td>\n<td>Automatyczny tester<\/td>\n<\/tr>\n<\/tbody>\n<\/table>","protected":false},"excerpt":{"rendered":"<p>Og\u00f3lnie rzecz bior\u0105c, nasze stalowe uchwyty CMM do mocowania cz\u0119\u015bci samochodowych oferuj\u0105 wysok\u0105 dok\u0142adno\u015b\u0107, solidn\u0105 konstrukcj\u0119, konfigurowalne projekty i inne funkcje zapewniaj\u0105ce precyzyjne pomiary podczas proces\u00f3w kontroli.<\/p>","protected":false},"featured_media":783,"template":"","meta":{"_seopress_robots_primary_cat":"","_seopress_titles_title":"","_seopress_titles_desc":"","_seopress_robots_index":""},"product_brand":[],"product_cat":[32],"product_tag":[],"class_list":{"0":"post-821","1":"product","2":"type-product","3":"status-publish","4":"has-post-thumbnail","6":"product_cat-cmm-holding-fixture","8":"first","9":"instock","10":"shipping-taxable","11":"product-type-simple"},"_links":{"self":[{"href":"https:\/\/www.favamill.com\/pl\/wp-json\/wp\/v2\/product\/821","targetHints":{"allow":["GET"]}}],"collection":[{"href":"https:\/\/www.favamill.com\/pl\/wp-json\/wp\/v2\/product"}],"about":[{"href":"https:\/\/www.favamill.com\/pl\/wp-json\/wp\/v2\/types\/product"}],"wp:featuredmedia":[{"embeddable":true,"href":"https:\/\/www.favamill.com\/pl\/wp-json\/wp\/v2\/media\/783"}],"wp:attachment":[{"href":"https:\/\/www.favamill.com\/pl\/wp-json\/wp\/v2\/media?parent=821"}],"wp:term":[{"taxonomy":"product_brand","embeddable":true,"href":"https:\/\/www.favamill.com\/pl\/wp-json\/wp\/v2\/product_brand?post=821"},{"taxonomy":"product_cat","embeddable":true,"href":"https:\/\/www.favamill.com\/pl\/wp-json\/wp\/v2\/product_cat?post=821"},{"taxonomy":"product_tag","embeddable":true,"href":"https:\/\/www.favamill.com\/pl\/wp-json\/wp\/v2\/product_tag?post=821"}],"curies":[{"name":"wp","href":"https:\/\/api.w.org\/{rel}","templated":true}]}}