{"id":822,"date":"2023-08-24T18:02:04","date_gmt":"2023-08-24T18:02:04","guid":{"rendered":"https:\/\/b2.favamill.com\/product\/auto-welding-fixture-for-production-line-manufacturing\/"},"modified":"2024-06-02T22:50:42","modified_gmt":"2024-06-02T22:50:42","slug":"automatyczny-uchwyt-spawalniczy-do-produkcji-na-linii-produkcyjnej","status":"publish","type":"product","link":"https:\/\/www.favamill.com\/pl\/product\/automatyczny-uchwyt-spawalniczy-do-produkcji-na-linii-produkcyjnej\/","title":{"rendered":"Automatyczny uchwyt spawalniczy do produkcji na linii produkcyjnej"},"content":{"rendered":"<table style=\"height: 649px;\" border=\"0\" width=\"755\" cellspacing=\"0\" cellpadding=\"0\">\n<tbody>\n<tr>\n<td class=\"et2\" width=\"203\" height=\"64\">Wsparcie dostosowane do indywidualnych potrzeb<\/td>\n<td width=\"341\">OEM, ODM, reengineering oprogramowania<\/td>\n<\/tr>\n<tr>\n<td class=\"et2\" width=\"203\" height=\"64\">Miejsce pochodzenia<\/td>\n<td class=\"et3\" width=\"341\"><span class=\"font2\">Guangdong, Chiny<\/span><\/td>\n<\/tr>\n<tr>\n<td class=\"et2\" width=\"203\" height=\"64\">Nazwa marki<\/td>\n<td>Favimiall<\/td>\n<\/tr>\n<tr>\n<td class=\"et2\" width=\"203\" height=\"64\">Numer modelu<\/td>\n<td class=\"et3\" width=\"341\">FV-W-005<\/td>\n<\/tr>\n<tr>\n<td class=\"et2\" width=\"203\" height=\"64\">Nazwa produktu<\/td>\n<td class=\"et3\" width=\"341\">Automatyczny uchwyt spawalniczy do produkcji na linii produkcyjnej<\/td>\n<\/tr>\n<tr>\n<td class=\"et2\" width=\"203\" height=\"64\">Funkcja<\/td>\n<td class=\"et3\" width=\"341\"><span class=\"font2\">Sprawdzanie komponent\u00f3w<\/span><\/td>\n<\/tr>\n<tr>\n<td class=\"et2\" width=\"203\" height=\"64\">Czas dostawy<\/td>\n<td class=\"et3\" width=\"341\"><span class=\"font2\">30 dni<\/span><\/td>\n<\/tr>\n<tr>\n<td class=\"et2\" width=\"203\" height=\"64\">MOQ<\/td>\n<td>1 SZT.<\/td>\n<\/tr>\n<tr>\n<td class=\"et4\" height=\"64\">Materia\u0142<\/td>\n<td>Stal<\/td>\n<\/tr>\n<tr>\n<td class=\"et4\" height=\"64\">Opakowanie:<\/td>\n<td>Drewniana skrzynia<\/td>\n<\/tr>\n<\/tbody>\n<\/table>","protected":false},"excerpt":{"rendered":"<p>Ten automatyczny osprz\u0119t spawalniczy odgrywa istotn\u0105 rol\u0119 w zapewnieniu ci\u0105g\u0142ych i skutecznych proces\u00f3w spawania na linii produkcyjnej. Poprawia wydajno\u015b\u0107, zmniejsza liczb\u0119 b\u0142\u0119d\u00f3w i poprawia og\u00f3ln\u0105 wydajno\u015b\u0107 spawalnych komponent\u00f3w.<\/p>","protected":false},"featured_media":790,"template":"","meta":{"_seopress_robots_primary_cat":"","_seopress_titles_title":"","_seopress_titles_desc":"","_seopress_robots_index":""},"product_brand":[],"product_cat":[25],"product_tag":[],"class_list":{"0":"post-822","1":"product","2":"type-product","3":"status-publish","4":"has-post-thumbnail","6":"product_cat-welding-fixture","8":"first","9":"instock","10":"shipping-taxable","11":"product-type-simple"},"_links":{"self":[{"href":"https:\/\/www.favamill.com\/pl\/wp-json\/wp\/v2\/product\/822","targetHints":{"allow":["GET"]}}],"collection":[{"href":"https:\/\/www.favamill.com\/pl\/wp-json\/wp\/v2\/product"}],"about":[{"href":"https:\/\/www.favamill.com\/pl\/wp-json\/wp\/v2\/types\/product"}],"wp:featuredmedia":[{"embeddable":true,"href":"https:\/\/www.favamill.com\/pl\/wp-json\/wp\/v2\/media\/790"}],"wp:attachment":[{"href":"https:\/\/www.favamill.com\/pl\/wp-json\/wp\/v2\/media?parent=822"}],"wp:term":[{"taxonomy":"product_brand","embeddable":true,"href":"https:\/\/www.favamill.com\/pl\/wp-json\/wp\/v2\/product_brand?post=822"},{"taxonomy":"product_cat","embeddable":true,"href":"https:\/\/www.favamill.com\/pl\/wp-json\/wp\/v2\/product_cat?post=822"},{"taxonomy":"product_tag","embeddable":true,"href":"https:\/\/www.favamill.com\/pl\/wp-json\/wp\/v2\/product_tag?post=822"}],"curies":[{"name":"wp","href":"https:\/\/api.w.org\/{rel}","templated":true}]}}