{"id":823,"date":"2023-08-30T14:59:47","date_gmt":"2023-08-30T14:59:47","guid":{"rendered":"https:\/\/b2.favamill.com\/product\/0-01mm-electronic-micrometer-0-00005-electronic-digital-dial-indicator\/"},"modified":"2024-06-02T22:50:42","modified_gmt":"2024-06-02T22:50:42","slug":"0-01mm-mikrometr-elektroniczny-0-00005-elektroniczny-cyfrowy-czujnik-zegarowy","status":"publish","type":"product","link":"https:\/\/www.favamill.com\/pl\/product\/0-01mm-mikrometr-elektroniczny-0-00005-elektroniczny-cyfrowy-czujnik-zegarowy\/","title":{"rendered":"Mikrometr elektroniczny 0,01 mm Elektroniczny cyfrowy wska\u017anik zegarowy 0,00005"},"content":{"rendered":"<table style=\"border-collapse: collapse; width: 600.02pt;\" border=\"0\" width=\"800\" cellspacing=\"0\" cellpadding=\"0\">\n<tbody>\n<tr style=\"height: 36.00pt;\">\n<td style=\"height: 36.00pt; width: 300.00pt;\" width=\"400\" height=\"48\">Gwarancja<\/td>\n<td style=\"width: 300.00pt;\" width=\"400\">3 lata<\/td>\n<\/tr>\n<tr style=\"height: 36.00pt;\">\n<td style=\"height: 36.00pt;\" height=\"48\">Miejsce pochodzenia<\/td>\n<td>Shenzhen, Chiny<\/td>\n<\/tr>\n<tr style=\"height: 36.00pt;\">\n<td style=\"height: 36.00pt;\" height=\"48\">Wsparcie dostosowane do indywidualnych potrzeb<\/td>\n<td>OEM, ODM, OBM<\/td>\n<\/tr>\n<tr style=\"height: 36.00pt;\">\n<td style=\"height: 36.00pt;\" height=\"48\">Nazwa marki<\/td>\n<td>Favamill<\/td>\n<\/tr>\n<tr style=\"height: 36.00pt;\">\n<td style=\"height: 36.00pt;\" height=\"48\">Numer modelu<\/td>\n<td>FS-01<\/td>\n<\/tr>\n<tr style=\"height: 36.00pt;\">\n<td style=\"height: 36.00pt;\" height=\"48\">Nazwa produktu<\/td>\n<td>Wska\u017anik cyfrowy<\/td>\n<\/tr>\n<tr style=\"height: 36.00pt;\">\n<td style=\"height: 36.00pt;\" height=\"48\">Zakres pomiarowy<\/td>\n<td>0-12,7 mm\/0-25,4 mm<\/td>\n<\/tr>\n<tr style=\"height: 36.00pt;\">\n<td style=\"height: 36.00pt;\" height=\"48\">Wy\u015bwietlacz<\/td>\n<td>Ekran LCD<\/td>\n<\/tr>\n<tr style=\"height: 36.00pt;\">\n<td class=\"et2\" style=\"height: 36.00pt;\" colspan=\"2\" height=\"48\">Pakowanie i dostawa<\/td>\n<\/tr>\n<tr style=\"height: 36.00pt;\">\n<td style=\"height: 36.00pt;\" height=\"48\">Jednostki sprzeda\u017cy:<\/td>\n<td>Pojedynczy element<\/td>\n<\/tr>\n<tr style=\"height: 36.00pt;\">\n<td style=\"height: 36.00pt;\" height=\"48\">Rozmiar pojedynczego opakowania:<\/td>\n<td>20X10X7 cm<\/td>\n<\/tr>\n<tr style=\"height: 36.00pt;\">\n<td style=\"height: 36.00pt;\" height=\"48\">Pojedyncza waga brutto:<\/td>\n<td>0,300 kg<\/td>\n<\/tr>\n<tr style=\"height: 36.00pt;\">\n<td style=\"height: 36.00pt;\" height=\"48\">Typ opakowania:<\/td>\n<td>standardowe opakowanie<\/td>\n<\/tr>\n<\/tbody>\n<\/table>\n<p><a href=\"https:\/\/favamill.com\/wp-content\/uploads\/2024\/06\/Electronic-Digital-Dial-Indicator12.jpg\"><img loading=\"lazy\" decoding=\"async\" class=\"alignnone wp-image-2094 size-full\" src=\"https:\/\/favamill.com\/wp-content\/uploads\/2024\/06\/Electronic-Digital-Dial-Indicator12.jpg\" alt=\"Elektroniczny cyfrowy wska\u017anik zegarowy\" width=\"800\" height=\"800\" \/><\/a><\/p>","protected":false},"excerpt":{"rendered":"<p>Elektroniczny mikrometr 0,01 mm i elektroniczny czujnik zegarowy 0,00005 zapewniaj\u0105 bardzo precyzyjne pomiary, odpowiednio z dok\u0142adno\u015bci\u0105 do 0,01 mm dla odczyt\u00f3w mikrometrycznych i 0,00005 cala dla odczyt\u00f3w cyfrowego czujnika zegarowego.<\/p>","protected":false},"featured_media":797,"template":"","meta":{"_seopress_robots_primary_cat":"","_seopress_titles_title":"","_seopress_titles_desc":"","_seopress_robots_index":""},"product_brand":[],"product_cat":[33],"product_tag":[],"class_list":{"0":"post-823","1":"product","2":"type-product","3":"status-publish","4":"has-post-thumbnail","6":"product_cat-standard-parts-components","8":"first","9":"instock","10":"shipping-taxable","11":"product-type-simple"},"_links":{"self":[{"href":"https:\/\/www.favamill.com\/pl\/wp-json\/wp\/v2\/product\/823","targetHints":{"allow":["GET"]}}],"collection":[{"href":"https:\/\/www.favamill.com\/pl\/wp-json\/wp\/v2\/product"}],"about":[{"href":"https:\/\/www.favamill.com\/pl\/wp-json\/wp\/v2\/types\/product"}],"wp:featuredmedia":[{"embeddable":true,"href":"https:\/\/www.favamill.com\/pl\/wp-json\/wp\/v2\/media\/797"}],"wp:attachment":[{"href":"https:\/\/www.favamill.com\/pl\/wp-json\/wp\/v2\/media?parent=823"}],"wp:term":[{"taxonomy":"product_brand","embeddable":true,"href":"https:\/\/www.favamill.com\/pl\/wp-json\/wp\/v2\/product_brand?post=823"},{"taxonomy":"product_cat","embeddable":true,"href":"https:\/\/www.favamill.com\/pl\/wp-json\/wp\/v2\/product_cat?post=823"},{"taxonomy":"product_tag","embeddable":true,"href":"https:\/\/www.favamill.com\/pl\/wp-json\/wp\/v2\/product_tag?post=823"}],"curies":[{"name":"wp","href":"https:\/\/api.w.org\/{rel}","templated":true}]}}