{"id":831,"date":"2023-08-30T17:00:05","date_gmt":"2023-08-30T17:00:05","guid":{"rendered":"https:\/\/b2.favamill.com\/product\/car-sunroof-checking-fixture\/"},"modified":"2024-06-02T22:50:43","modified_gmt":"2024-06-02T22:50:43","slug":"uchwyt-do-sprawdzania-szyberdachu-samochodowego","status":"publish","type":"product","link":"https:\/\/www.favamill.com\/pl\/product\/uchwyt-do-sprawdzania-szyberdachu-samochodowego\/","title":{"rendered":"Urz\u0105dzenie do sprawdzania szyberdachu samochodowego"},"content":{"rendered":"<table border=\"1\" cellspacing=\"1\" cellpadding=\"1\">\n<tbody>\n<tr>\n<td>Materia<\/td>\n<td>Aluminium, mied\u017a i \u017cywica epoksydowa<\/td>\n<\/tr>\n<tr>\n<td>Dok\u0142adno\u015b\u0107<\/td>\n<td>0,005-0,1 mm lub na \u017cyczenie klienta<\/td>\n<\/tr>\n<tr>\n<td>Sprz\u0119t do obr\u00f3bki skrawaniem<\/td>\n<td>CNC, EDM, Argie Charmilles, frezarka, 3DCMM, projektor, HG, wtryskarka<\/td>\n<\/tr>\n<tr>\n<td>Kolor<\/td>\n<td>Anodowane, aluminiowe, czarne lub pojedyncze cz\u0119\u015bci mog\u0105 by\u0107 dostosowane do wymaga\u0144 klienta.<\/td>\n<\/tr>\n<tr>\n<td>Przetwarzanie powierzchni<\/td>\n<td>Anodowane utlenianie, obr\u00f3bka galwaniczna, czer\u0144 itp.<\/td>\n<\/tr>\n<tr>\n<td>Zako\u0144czenie<\/td>\n<td>Piaskowanie, obr\u00f3bka cieplna itp.<\/td>\n<\/tr>\n<tr>\n<td>Metoda logo<\/td>\n<td>Grawerowanie laserowe, grawerowanie CNC<\/td>\n<\/tr>\n<tr>\n<td>Zastosowanie<\/td>\n<td>Producenci cz\u0119\u015bci samochodowych i fabryki samochod\u00f3w<\/td>\n<\/tr>\n<tr>\n<td>Obiekt testowy<\/td>\n<td>Trzy wsp\u00f3\u0142rz\u0119dno\u015bciowe maszyny pomiarowe, mikrometry, suwmiarki<\/td>\n<\/tr>\n<tr>\n<td>Opakowanie<\/td>\n<td>Drewniane pude\u0142ko lub na \u017cyczenie<\/td>\n<\/tr>\n<tr>\n<td>Biegacz<\/td>\n<td>Hot Runner<\/td>\n<\/tr>\n<tr>\n<td>Dostawa<\/td>\n<td>30-35 dni roboczych po otrzymaniu wp\u0142aty lub p\u0142atno\u015bci<\/td>\n<\/tr>\n<tr>\n<td>Termin p\u0142atno\u015bci<\/td>\n<td>Pierwsza dostawa to 50%, dostawa po otrzymaniu 40%, a 10% klienci trzy miesi\u0105ce po otrzymaniu<\/td>\n<\/tr>\n<tr>\n<td>Oprogramowanie<\/td>\n<td>UG<\/td>\n<\/tr>\n<tr>\n<td>Zapewnienie jako\u015bci<\/td>\n<td>ISO9001:2018<\/td>\n<\/tr>\n<tr>\n<td>Format rysunku<\/td>\n<td>JPEG, PDF, DWG, DXF, IGS, STEP<\/td>\n<\/tr>\n<\/tbody>\n<\/table>","protected":false},"excerpt":{"rendered":"<p>Oprzyrz\u0105dowanie kontrolne mo\u017cna \u0142atwo regulowa\u0107 i dostosowywa\u0107 do r\u00f3\u017cnych modeli i odmian komponent\u00f3w szyberdach\u00f3w samochodowych, zapewniaj\u0105c elastyczno\u015b\u0107 na liniach produkcyjnych w bran\u017cy motoryzacyjnej.<\/p>","protected":false},"featured_media":832,"template":"","meta":{"_seopress_robots_primary_cat":"","_seopress_titles_title":"","_seopress_titles_desc":"","_seopress_robots_index":""},"product_brand":[],"product_cat":[21,23],"product_tag":[],"class_list":{"0":"post-831","1":"product","2":"type-product","3":"status-publish","4":"has-post-thumbnail","6":"product_cat-checking-fixture","7":"product_cat-sheet-metal-checking-fixture","9":"first","10":"instock","11":"shipping-taxable","12":"product-type-simple"},"_links":{"self":[{"href":"https:\/\/www.favamill.com\/pl\/wp-json\/wp\/v2\/product\/831","targetHints":{"allow":["GET"]}}],"collection":[{"href":"https:\/\/www.favamill.com\/pl\/wp-json\/wp\/v2\/product"}],"about":[{"href":"https:\/\/www.favamill.com\/pl\/wp-json\/wp\/v2\/types\/product"}],"wp:featuredmedia":[{"embeddable":true,"href":"https:\/\/www.favamill.com\/pl\/wp-json\/wp\/v2\/media\/832"}],"wp:attachment":[{"href":"https:\/\/www.favamill.com\/pl\/wp-json\/wp\/v2\/media?parent=831"}],"wp:term":[{"taxonomy":"product_brand","embeddable":true,"href":"https:\/\/www.favamill.com\/pl\/wp-json\/wp\/v2\/product_brand?post=831"},{"taxonomy":"product_cat","embeddable":true,"href":"https:\/\/www.favamill.com\/pl\/wp-json\/wp\/v2\/product_cat?post=831"},{"taxonomy":"product_tag","embeddable":true,"href":"https:\/\/www.favamill.com\/pl\/wp-json\/wp\/v2\/product_tag?post=831"}],"curies":[{"name":"wp","href":"https:\/\/api.w.org\/{rel}","templated":true}]}}