{"id":838,"date":"2023-08-31T16:33:47","date_gmt":"2023-08-31T16:33:47","guid":{"rendered":"https:\/\/b2.favamill.com\/product\/car-lamp-housing-checking-fixture\/"},"modified":"2024-06-08T07:37:35","modified_gmt":"2024-06-08T07:37:35","slug":"uchwyt-do-sprawdzania-obudowy-lampy-samochodowej","status":"publish","type":"product","link":"https:\/\/www.favamill.com\/pl\/product\/uchwyt-do-sprawdzania-obudowy-lampy-samochodowej\/","title":{"rendered":"Obudowa lampy samochodowej do sprawdzania osprz\u0119tu"},"content":{"rendered":"<table class=\"alignleft\" style=\"border-collapse: collapse; width: 363.02pt;\" border=\"0\" width=\"484\" cellspacing=\"0\" cellpadding=\"0\">\n<tbody>\n<tr style=\"height: 37.00pt;\">\n<td class=\"et2\" style=\"height: 37.00pt; width: 181.50pt;\" width=\"242\" height=\"49\"><span class=\"font1\">Biegacz<\/span><\/td>\n<td style=\"width: 181.50pt;\" width=\"242\">Hot Runner<\/td>\n<\/tr>\n<tr style=\"height: 37.00pt;\">\n<td class=\"et3\" style=\"height: 37.00pt; width: 181.50pt;\" width=\"242\" height=\"49\">Oprogramowanie do projektowania<\/td>\n<td>UG<\/td>\n<\/tr>\n<tr style=\"height: 37.00pt;\">\n<td class=\"et2\" style=\"height: 37.00pt; width: 181.50pt;\" width=\"242\" height=\"49\">Instalacja<\/td>\n<td>Naprawiono<\/td>\n<\/tr>\n<tr style=\"height: 37.00pt;\">\n<td class=\"et3\" style=\"height: 37.00pt; width: 181.50pt;\" width=\"242\" height=\"49\">Certyfikacja<\/td>\n<td>ISO<\/td>\n<\/tr>\n<tr style=\"height: 37.00pt;\">\n<td class=\"et2\" style=\"height: 37.00pt; width: 181.50pt;\" width=\"242\" height=\"49\">Standard<\/td>\n<td>DME<\/td>\n<\/tr>\n<tr style=\"height: 37.00pt;\">\n<td class=\"et3\" style=\"height: 37.00pt; width: 181.50pt;\" width=\"242\" height=\"49\">Dostosowane<\/td>\n<td>Dostosowane<\/td>\n<\/tr>\n<tr style=\"height: 37.00pt;\">\n<td class=\"et2\" style=\"height: 37.00pt; width: 181.50pt;\" width=\"242\" height=\"49\">Pakiet transportowy<\/td>\n<td>Paleta<\/td>\n<\/tr>\n<tr style=\"height: 37.00pt;\">\n<td class=\"et3\" style=\"height: 37.00pt; width: 181.50pt;\" width=\"242\" height=\"49\">Specyfikacja<\/td>\n<td>Aluminium i stal<\/td>\n<\/tr>\n<tr style=\"height: 37.00pt;\">\n<td class=\"et2\" style=\"height: 37.00pt; width: 181.50pt;\" width=\"242\" height=\"49\">Pochodzenie<\/td>\n<td>Chiny<\/td>\n<\/tr>\n<tr style=\"height: 37.00pt;\">\n<td class=\"et3\" style=\"height: 37.00pt; width: 181.50pt;\" width=\"242\" height=\"49\">Kod HS<\/td>\n<td>8480410011<\/td>\n<\/tr>\n<tr style=\"height: 37.00pt;\">\n<td class=\"et2\" style=\"height: 37.00pt; width: 181.50pt;\" width=\"242\" height=\"49\">Zdolno\u015b\u0107 produkcyjna<\/td>\n<td>1200\/rok<\/td>\n<\/tr>\n<\/tbody>\n<\/table>","protected":false},"excerpt":{"rendered":"<p>Obudowa lampy samochodowej jest wykonana z wysokiej jako\u015bci aluminium i stali, co zapewnia maksymaln\u0105 trwa\u0142o\u015b\u0107 podczas procesu testowania.<\/p>","protected":false},"featured_media":832,"template":"","meta":{"_seopress_robots_primary_cat":"none","_seopress_titles_title":"","_seopress_titles_desc":"","_seopress_robots_index":""},"product_brand":[],"product_cat":[21,31],"product_tag":[],"class_list":{"0":"post-838","1":"product","2":"type-product","3":"status-publish","4":"has-post-thumbnail","6":"product_cat-checking-fixture","7":"product_cat-plastic-parts-checking-fixture","9":"first","10":"instock","11":"shipping-taxable","12":"product-type-simple"},"_links":{"self":[{"href":"https:\/\/www.favamill.com\/pl\/wp-json\/wp\/v2\/product\/838","targetHints":{"allow":["GET"]}}],"collection":[{"href":"https:\/\/www.favamill.com\/pl\/wp-json\/wp\/v2\/product"}],"about":[{"href":"https:\/\/www.favamill.com\/pl\/wp-json\/wp\/v2\/types\/product"}],"wp:featuredmedia":[{"embeddable":true,"href":"https:\/\/www.favamill.com\/pl\/wp-json\/wp\/v2\/media\/832"}],"wp:attachment":[{"href":"https:\/\/www.favamill.com\/pl\/wp-json\/wp\/v2\/media?parent=838"}],"wp:term":[{"taxonomy":"product_brand","embeddable":true,"href":"https:\/\/www.favamill.com\/pl\/wp-json\/wp\/v2\/product_brand?post=838"},{"taxonomy":"product_cat","embeddable":true,"href":"https:\/\/www.favamill.com\/pl\/wp-json\/wp\/v2\/product_cat?post=838"},{"taxonomy":"product_tag","embeddable":true,"href":"https:\/\/www.favamill.com\/pl\/wp-json\/wp\/v2\/product_tag?post=838"}],"curies":[{"name":"wp","href":"https:\/\/api.w.org\/{rel}","templated":true}]}}