{"id":841,"date":"2024-02-01T15:27:05","date_gmt":"2024-02-01T15:27:05","guid":{"rendered":"https:\/\/b2.favamill.com\/product\/custom-checking-fixtures-for-auto-sheet-metal-stamping-parts\/"},"modified":"2024-06-02T22:50:43","modified_gmt":"2024-06-02T22:50:43","slug":"niestandardowe-przyrzady-kontrolne-do-tloczenia-czesci-z-blachy-samochodowej","status":"publish","type":"product","link":"https:\/\/www.favamill.com\/pl\/product\/niestandardowe-przyrzady-kontrolne-do-tloczenia-czesci-z-blachy-samochodowej\/","title":{"rendered":"Niestandardowe przyrz\u0105dy kontrolne do automatycznego t\u0142oczenia cz\u0119\u015bci z blachy"},"content":{"rendered":"<table style=\"border-collapse: collapse; width: 538.52pt;\" border=\"0\" width=\"718\" cellspacing=\"0\" cellpadding=\"0\">\n<tbody>\n<tr style=\"height: 48.00pt;\">\n<td class=\"et2\" style=\"height: 48.00pt; width: 269.25pt;\" width=\"359\" height=\"64\">Obr\u00f3bka CNC czy nie?<\/td>\n<td class=\"et2\" style=\"width: 269.25pt;\" width=\"359\">Obr\u00f3bka CNC<\/td>\n<\/tr>\n<tr style=\"height: 48.00pt;\">\n<td class=\"et2\" style=\"height: 48.00pt; width: 269.25pt;\" width=\"359\" height=\"64\">Mo\u017cliwo\u015bci materia\u0142owe<\/td>\n<td class=\"et2\" style=\"width: 269.25pt;\" width=\"359\">aluminium, mosi\u0105dz, br\u0105z, mied\u017a, metale hartowane, metale szlachetne, stal nierdzewna<\/td>\n<\/tr>\n<tr style=\"height: 48.00pt;\">\n<td class=\"et2\" style=\"height: 48.00pt; width: 269.25pt;\" width=\"359\" height=\"64\">Miejsce pochodzenia<\/td>\n<td class=\"et2\" style=\"width: 269.25pt;\" width=\"359\">Guangdong, Chiny<\/td>\n<\/tr>\n<tr style=\"height: 48.00pt;\">\n<td class=\"et2\" style=\"height: 48.00pt; width: 269.25pt;\" width=\"359\" height=\"64\">Typ<\/td>\n<td class=\"et2\" style=\"width: 269.25pt;\" width=\"359\">przeci\u0105ganie, wiercenie, wytrawianie \/ obr\u00f3bka chemiczna, obr\u00f3bka laserowa, frezowanie, inne us\u0142ugi obr\u00f3bki skrawaniem, toczenie, elektrodr\u0105\u017cenie drutowe, szybkie prototypowanie<\/td>\n<\/tr>\n<tr style=\"height: 48.00pt;\">\n<td class=\"et2\" style=\"height: 48.00pt; width: 269.25pt;\" width=\"359\" height=\"64\">Mikroobr\u00f3bka czy nie?<\/td>\n<td class=\"et2\" style=\"width: 269.25pt;\" width=\"359\">Mikroobr\u00f3bka<\/td>\n<\/tr>\n<tr style=\"height: 48.00pt;\">\n<td class=\"et2\" style=\"height: 48.00pt; width: 269.25pt;\" width=\"359\" height=\"64\">Numer modelu<\/td>\n<td class=\"et2\" style=\"width: 269.25pt;\" width=\"359\">FVCA5006<\/td>\n<\/tr>\n<tr style=\"height: 48.00pt;\">\n<td class=\"et2\" style=\"height: 48.00pt; width: 269.25pt;\" width=\"359\" height=\"64\">Nazwa marki<\/td>\n<td class=\"et2\" style=\"width: 269.25pt;\" width=\"359\">Favamill<\/td>\n<\/tr>\n<tr style=\"height: 48.00pt;\">\n<td class=\"et2\" style=\"height: 48.00pt; width: 269.25pt;\" width=\"359\" height=\"64\">Zastosowanie<\/td>\n<td class=\"et2\" style=\"width: 269.25pt;\" width=\"359\">kontrola otwor\u00f3w i pozycji<\/td>\n<\/tr>\n<tr style=\"height: 48.00pt;\">\n<td class=\"et2\" style=\"height: 48.00pt; width: 269.25pt;\" width=\"359\" height=\"64\">Nazwa produktu<\/td>\n<td class=\"et2\" style=\"width: 269.25pt;\" width=\"359\">Niestandardowe przyrz\u0105dy kontrolne do automatycznego t\u0142oczenia cz\u0119\u015bci z blachy<\/td>\n<\/tr>\n<tr style=\"height: 48.00pt;\">\n<td class=\"et2\" style=\"height: 48.00pt; width: 269.25pt;\" width=\"359\" height=\"64\">Kolor<\/td>\n<td class=\"et2\" style=\"width: 269.25pt;\" width=\"359\">Czerwony i zielony<\/td>\n<\/tr>\n<tr style=\"height: 48.00pt;\">\n<td class=\"et2\" style=\"height: 48.00pt; width: 269.25pt;\" width=\"359\" height=\"64\">Rozmiar<\/td>\n<td class=\"et2\" style=\"width: 269.25pt;\" width=\"359\">0,5~6,0 mm<\/td>\n<\/tr>\n<tr style=\"height: 48.00pt;\">\n<td class=\"et2\" style=\"height: 48.00pt; width: 269.25pt;\" width=\"359\" height=\"64\">MOQ<\/td>\n<td class=\"et2\" style=\"width: 269.25pt;\" width=\"359\">1szt.<\/td>\n<\/tr>\n<tr style=\"height: 48.00pt;\">\n<td class=\"et2\" style=\"height: 48.00pt; width: 269.25pt;\" width=\"359\" height=\"64\">CZAS DOSTAWY<\/td>\n<td class=\"et2\" style=\"width: 269.25pt;\" width=\"359\">10-25 dni<\/td>\n<\/tr>\n<tr style=\"height: 48.00pt;\">\n<td class=\"et2\" style=\"height: 48.00pt; width: 269.25pt;\" width=\"359\" height=\"64\">Zako\u0144czenie<\/td>\n<td class=\"et2\" style=\"width: 269.25pt;\" width=\"359\">anodowa\u0107<\/td>\n<\/tr>\n<tr style=\"height: 48.00pt;\">\n<td class=\"et2\" style=\"height: 48.00pt; width: 269.25pt;\" width=\"359\" height=\"64\">U\u017cycie<\/td>\n<td class=\"et2\" style=\"width: 269.25pt;\" width=\"359\">kontrola cz\u0119\u015bci samochodowych<\/td>\n<\/tr>\n<tr style=\"height: 48.00pt;\">\n<td class=\"et2\" style=\"height: 48.00pt; width: 269.25pt;\" width=\"359\" height=\"64\">Materia\u0142 sworznia<\/td>\n<td class=\"et2\" style=\"width: 269.25pt;\" width=\"359\">Al i stal<\/td>\n<\/tr>\n<tr style=\"height: 48.00pt;\">\n<td class=\"et2\" style=\"height: 48.00pt; width: 269.25pt;\" width=\"359\" height=\"64\">Pakowanie<\/td>\n<td class=\"et2\" style=\"width: 269.25pt;\" width=\"359\">1szt\/pude\u0142ko<\/td>\n<\/tr>\n<\/tbody>\n<\/table>","protected":false},"excerpt":{"rendered":"<p>Obudowy projektowane specjalnie pod k\u0105tem kszta\u0142tu i rozmiaru r\u00f3\u017cnych cz\u0119\u015bci samochodowych pozwalaj\u0105 na precyzyjne dopasowanie i kontrol\u0119 cz\u0119\u015bci o unikalnych kszta\u0142tach i rozmiarach.<\/p>","protected":false},"featured_media":842,"template":"","meta":{"_seopress_robots_primary_cat":"","_seopress_titles_title":"","_seopress_titles_desc":"","_seopress_robots_index":""},"product_brand":[],"product_cat":[21,23],"product_tag":[],"class_list":{"0":"post-841","1":"product","2":"type-product","3":"status-publish","4":"has-post-thumbnail","6":"product_cat-checking-fixture","7":"product_cat-sheet-metal-checking-fixture","9":"first","10":"instock","11":"shipping-taxable","12":"product-type-simple"},"_links":{"self":[{"href":"https:\/\/www.favamill.com\/pl\/wp-json\/wp\/v2\/product\/841","targetHints":{"allow":["GET"]}}],"collection":[{"href":"https:\/\/www.favamill.com\/pl\/wp-json\/wp\/v2\/product"}],"about":[{"href":"https:\/\/www.favamill.com\/pl\/wp-json\/wp\/v2\/types\/product"}],"wp:featuredmedia":[{"embeddable":true,"href":"https:\/\/www.favamill.com\/pl\/wp-json\/wp\/v2\/media\/842"}],"wp:attachment":[{"href":"https:\/\/www.favamill.com\/pl\/wp-json\/wp\/v2\/media?parent=841"}],"wp:term":[{"taxonomy":"product_brand","embeddable":true,"href":"https:\/\/www.favamill.com\/pl\/wp-json\/wp\/v2\/product_brand?post=841"},{"taxonomy":"product_cat","embeddable":true,"href":"https:\/\/www.favamill.com\/pl\/wp-json\/wp\/v2\/product_cat?post=841"},{"taxonomy":"product_tag","embeddable":true,"href":"https:\/\/www.favamill.com\/pl\/wp-json\/wp\/v2\/product_tag?post=841"}],"curies":[{"name":"wp","href":"https:\/\/api.w.org\/{rel}","templated":true}]}}